{"id":98,"date":"2022-03-11T13:37:07","date_gmt":"2022-03-11T12:37:07","guid":{"rendered":"https:\/\/ridice.eu\/?page_id=98"},"modified":"2022-09-24T12:06:12","modified_gmt":"2022-09-24T10:06:12","slug":"gestione","status":"publish","type":"page","link":"https:\/\/manualegd.comune.sangiulianoterme.pisa.it\/?page_id=98","title":{"rendered":"Gestione"},"content":{"rendered":"\n<p>La gestione documentale \u00e8 un processo che pu\u00f2 essere suddiviso in tre fasi principali: <strong>formazione<\/strong>, <strong>gestione<\/strong> e <strong>conservazione<\/strong>. Nell\u2019ambito di ognuna delle suddette fasi si svolgono una serie di attivit\u00e0 che si distinguono per complessit\u00e0, impatto, natura, finalit\u00e0 e\/o effetto, anche giuridico, alle quali corrispondono approcci metodologici e prassi operative distinte <sup>(<a rel=\"noreferrer noopener\" href=\"https:\/\/www.agid.gov.it\/sites\/default\/files\/repository_files\/linee_guida_sul_documento_informatico.pdf#page=10\" data-type=\"URL\" data-id=\"https:\/\/www.agid.gov.it\/sites\/default\/files\/repository_files\/linee_guida_sul_documento_informatico.pdf#page=10\" target=\"_blank\">1<\/a>)<\/sup><\/p>\n\n\n\n<div style=\"height:40px\" aria-hidden=\"true\" class=\"wp-block-spacer\"><\/div>\n\n\n\n<figure class=\"wp-block-image size-full is-resized is-style-default\"><img loading=\"lazy\" decoding=\"async\" src=\"https:\/\/ridice.eu\/wp-content\/uploads\/2022\/09\/ciclo_documentale.png\" alt=\"\" class=\"wp-image-4444\" width=\"869\" height=\"623\" srcset=\"https:\/\/manualegd.comune.sangiulianoterme.pisa.it\/wp-content\/uploads\/2022\/09\/ciclo_documentale.png 714w, https:\/\/manualegd.comune.sangiulianoterme.pisa.it\/wp-content\/uploads\/2022\/09\/ciclo_documentale-300x215.png 300w\" sizes=\"auto, (max-width: 869px) 100vw, 869px\" \/><\/figure>\n\n\n\n<div style=\"height:100px\" aria-hidden=\"true\" class=\"wp-block-spacer\"><\/div>\n\n\n<div\n\t\t\t\n\t\t\tclass=\"so-widget-sow-accordion so-widget-sow-accordion-default-0cbe2f692174\"\n\t\t\t\n\t\t><div>\n\t<div class=\"sow-accordion\">\n\t\t\t<div class=\"sow-accordion-panel\n\t\t\t\t\t\"\n\t\t\t\tdata-anchor-id=\"riferimenti-normativi\">\n\t\t\t\t\t<div class=\"sow-accordion-panel-header-container\" role=\"heading\" aria-level=\"2\">\n\t\t\t\t\t<div class=\"sow-accordion-panel-header\" tabindex=\"0\" role=\"button\" id=\"accordion-label-riferimenti-normativi\" aria-controls=\"accordion-content-riferimenti-normativi\" aria-expanded=\"false\">\n\t\t\t\t\t\t<div class=\"sow-accordion-title sow-accordion-title-icon-left\">\n\t\t\t\t\t\t\t\t\t\t\t\t\t\tRiferimenti normativi\t\t\t\t\t\t\t\t\t\t\t\t\t<\/div>\n\t\t\t\t\t\t<div class=\"sow-accordion-open-close-button\">\n\t\t\t\t\t\t\t<div class=\"sow-accordion-open-button\">\n\t\t\t\t\t\t\t\t<span class=\"sow-icon-ionicons\" data-sow-icon=\"&#xf218;\"\n\t\t \n\t\taria-hidden=\"true\"><\/span>\t\t\t\t\t\t\t<\/div>\n\t\t\t\t\t\t\t<div class=\"sow-accordion-close-button\">\n\t\t\t\t\t\t\t\t<span class=\"sow-icon-ionicons\" data-sow-icon=\"&#xf209;\"\n\t\t \n\t\taria-hidden=\"true\"><\/span>\t\t\t\t\t\t\t<\/div>\n\t\t\t\t\t\t<\/div>\n\t\t\t\t\t<\/div>\n\t\t\t\t<\/div>\n\n\t\t\t<div\n\t\t\t\tclass=\"sow-accordion-panel-content\"\n\t\t\t\trole=\"region\"\n\t\t\t\taria-labelledby=\"accordion-label-riferimenti-normativi\"\n\t\t\t\tid=\"accordion-content-riferimenti-normativi\"\n\t\t\t\tstyle=\"display: none;\"\t\t\t>\n\t\t\t\t<div class=\"sow-accordion-panel-border\">\n\t\t\t\t\t<p>(1) <a href=\"https:\/\/www.agid.gov.it\/sites\/default\/files\/repository_files\/linee_guida_sul_documento_informatico.pdf#page=10\" target=\"_blank\" rel=\"noopener\">paragrafo 1.11 delle Linee guida AgID sulla formazione, gestione e conservazione dei documenti informatici<\/a><\/p>\n\t\t\t\t<\/div>\n\t\t\t<\/div>\n\t\t<\/div>\n\t\t<\/div>\n<\/div>\n<\/div>","protected":false},"excerpt":{"rendered":"<p>La gestione documentale \u00e8 un processo che pu\u00f2 essere suddiviso in tre fasi principali: formazione, gestione e conservazione. Nell\u2019ambito di ognuna delle suddette fasi si &#8230; <\/p>\n","protected":false},"author":1,"featured_media":0,"parent":0,"menu_order":35,"comment_status":"closed","ping_status":"closed","template":"page-fullwidth.php","meta":{"footnotes":""},"class_list":["post-98","page","type-page","status-publish","hentry"],"_links":{"self":[{"href":"https:\/\/manualegd.comune.sangiulianoterme.pisa.it\/index.php?rest_route=\/wp\/v2\/pages\/98","targetHints":{"allow":["GET"]}}],"collection":[{"href":"https:\/\/manualegd.comune.sangiulianoterme.pisa.it\/index.php?rest_route=\/wp\/v2\/pages"}],"about":[{"href":"https:\/\/manualegd.comune.sangiulianoterme.pisa.it\/index.php?rest_route=\/wp\/v2\/types\/page"}],"author":[{"embeddable":true,"href":"https:\/\/manualegd.comune.sangiulianoterme.pisa.it\/index.php?rest_route=\/wp\/v2\/users\/1"}],"replies":[{"embeddable":true,"href":"https:\/\/manualegd.comune.sangiulianoterme.pisa.it\/index.php?rest_route=%2Fwp%2Fv2%2Fcomments&post=98"}],"version-history":[{"count":0,"href":"https:\/\/manualegd.comune.sangiulianoterme.pisa.it\/index.php?rest_route=\/wp\/v2\/pages\/98\/revisions"}],"wp:attachment":[{"href":"https:\/\/manualegd.comune.sangiulianoterme.pisa.it\/index.php?rest_route=%2Fwp%2Fv2%2Fmedia&parent=98"}],"curies":[{"name":"wp","href":"https:\/\/api.w.org\/{rel}","templated":true}]}}