{"id":829,"date":"2022-04-07T15:50:28","date_gmt":"2022-04-07T13:50:28","guid":{"rendered":"https:\/\/ridice.eu\/?page_id=829"},"modified":"2023-05-02T12:30:13","modified_gmt":"2023-05-02T10:30:13","slug":"documento-in-entrata","status":"publish","type":"page","link":"https:\/\/manualegd.comune.sangiulianoterme.pisa.it\/?page_id=829","title":{"rendered":"Documento in arrivo"},"content":{"rendered":"\n<p>Per documento in arrivo s&#8217;intende il documento di <strong>rilevanza giuridico-probatoria<\/strong> proveniente da un soggetto esterno, pubblico o privato, acquisito dall&#8217;AOO nell&#8217;esercizio delle proprie funzioni.<\/p>\n\n\n\n<p>Le <strong>diverse modalit\u00e0 di acquisizione<\/strong> della corrispondenza in ingresso dipendono, in prima battuta, dalla <strong>tecnologia<\/strong> utilizzata dal mittente per l&#8217;inoltro del documento. Ci\u00f2 premesso, l&#8217;acquisizione del documento pu\u00f2 avvenire in modalit\u00e0 <strong>accentrata<\/strong>, presso il <a href=\"https:\/\/manualegd.comune.sangiulianoterme.pisa.it\/?page_id=120\" data-type=\"URL\" data-id=\"https:\/\/ridice.eu\/?page_id=120\" target=\"_blank\" rel=\"noreferrer noopener\">servizio per la gestione informatica del protocollo<\/a>, oppure <strong>decentrata<\/strong>, presso ciascuna delle UOR riportate nell&#8217;<a href=\"https:\/\/manualegd.comune.sangiulianoterme.pisa.it\/?page_id=817\" data-type=\"URL\" data-id=\"https:\/\/ridice.eu\/?page_id=817\" target=\"_blank\" rel=\"noreferrer noopener\">organigramma<\/a> della AOO<\/p>\n\n\n\n<div style=\"height:20px\" aria-hidden=\"true\" class=\"wp-block-spacer\"><\/div>\n\n\n<div\n\t\t\t\n\t\t\tclass=\"so-widget-sow-accordion so-widget-sow-accordion-default-0cbe2f692174\"\n\t\t\t\n\t\t><div>\n\t<div class=\"sow-accordion\">\n\t\t\t<div class=\"sow-accordion-panel\n\t\t\t\t\t\"\n\t\t\t\tdata-anchor-id=\"modalita-di-inoltro\">\n\t\t\t\t\t<div class=\"sow-accordion-panel-header-container\" role=\"heading\" aria-level=\"2\">\n\t\t\t\t\t<div class=\"sow-accordion-panel-header\" tabindex=\"0\" role=\"button\" id=\"accordion-label-modalit%c3%a0-di-inoltro\" aria-controls=\"accordion-content-modalit%c3%a0-di-inoltro\" aria-expanded=\"false\">\n\t\t\t\t\t\t<div class=\"sow-accordion-title sow-accordion-title-icon-left\">\n\t\t\t\t\t\t\t\t\t\t\t\t\t\tModalit\u00e0 di inoltro\t\t\t\t\t\t\t\t\t\t\t\t\t<\/div>\n\t\t\t\t\t\t<div class=\"sow-accordion-open-close-button\">\n\t\t\t\t\t\t\t<div class=\"sow-accordion-open-button\">\n\t\t\t\t\t\t\t\t<span class=\"sow-icon-ionicons\" data-sow-icon=\"&#xf218;\"\n\t\t \n\t\taria-hidden=\"true\"><\/span>\t\t\t\t\t\t\t<\/div>\n\t\t\t\t\t\t\t<div class=\"sow-accordion-close-button\">\n\t\t\t\t\t\t\t\t<span class=\"sow-icon-ionicons\" data-sow-icon=\"&#xf209;\"\n\t\t \n\t\taria-hidden=\"true\"><\/span>\t\t\t\t\t\t\t<\/div>\n\t\t\t\t\t\t<\/div>\n\t\t\t\t\t<\/div>\n\t\t\t\t<\/div>\n\n\t\t\t<div\n\t\t\t\tclass=\"sow-accordion-panel-content\"\n\t\t\t\trole=\"region\"\n\t\t\t\taria-labelledby=\"accordion-label-modalit%c3%a0-di-inoltro\"\n\t\t\t\tid=\"accordion-content-modalit%c3%a0-di-inoltro\"\n\t\t\t\tstyle=\"display: none;\"\t\t\t>\n\t\t\t\t<div class=\"sow-accordion-panel-border\">\n\t\t\t\t\t<p><!-- wp:table {\"className\":\"is-style-stripes\"} --><\/p>\n<figure class=\"wp-block-table is-style-stripes\">\n<table>\n<tbody>\n<tr>\n<td class=\"has-text-align-center\" data-align=\"center\"><strong>Modalit\u00e0 di inoltro<\/strong><\/td>\n<td class=\"has-text-align-center\" data-align=\"center\"><strong>tipo di documento<\/strong><\/td>\n<td><strong>acquisizione<\/strong><\/td>\n<\/tr>\n<tr>\n<td class=\"has-text-align-center\" data-align=\"center\"><a href=\"https:\/\/manualegd.comune.sangiulianoterme.pisa.it\/?page_id=126#peo\" target=\"_blank\" rel=\"noreferrer noopener\" data-type=\"URL\" data-id=\"https:\/\/ridice.eu\/?page_id=126#peo\">posta elettronica ordinaria<\/a><\/td>\n<td class=\"has-text-align-center\" data-align=\"center\"><a href=\"https:\/\/manualegd.comune.sangiulianoterme.pisa.it\/?page_id=415#doc_amm_inf\">informatico<\/a><\/td>\n<td><a href=\"https:\/\/manualegd.comune.sangiulianoterme.pisa.it\/?page_id=1092#acq_prot\" target=\"_blank\" rel=\"noreferrer noopener\" data-type=\"URL\" data-id=\"https:\/\/ridice.eu\/?page_id=1092#acq_prot\">Protocollo<\/a><br \/><a href=\"https:\/\/manualegd.comune.sangiulianoterme.pisa.it\/?page_id=1092#acq_uor\" target=\"_blank\" rel=\"noreferrer noopener\" data-type=\"URL\" data-id=\"https:\/\/ridice.eu\/?page_id=1092#acq_uor\">UOR<\/a><\/td>\n<\/tr>\n<tr>\n<td class=\"has-text-align-center\" data-align=\"center\"><a href=\"https:\/\/manualegd.comune.sangiulianoterme.pisa.it\/?page_id=126\" target=\"_blank\" rel=\"noreferrer noopener\" data-type=\"URL\" data-id=\"https:\/\/ridice.eu\/?page_id=126\">PEC<\/a> o <a href=\"https:\/\/manualegd.comune.sangiulianoterme.pisa.it\/?page_id=1245#inter\" data-type=\"URL\" data-id=\"https:\/\/ridice.eu\/?page_id=1245#inter\">sistema di interscambio<\/a> *<\/td>\n<td class=\"has-text-align-center\" data-align=\"center\"><a href=\"https:\/\/manualegd.comune.sangiulianoterme.pisa.it\/?page_id=415#doc_amm_inf\">informatico<\/a><\/td>\n<td><a href=\"https:\/\/manualegd.comune.sangiulianoterme.pisa.it\/?page_id=1092#acq_prot\" target=\"_blank\" rel=\"noreferrer noopener\" data-type=\"URL\" data-id=\"https:\/\/ridice.eu\/?page_id=1092#acq_prot\">Protocollo<\/a><\/td>\n<\/tr>\n<tr>\n<td class=\"has-text-align-center\" data-align=\"center\">supporto rimovibile consegnato direttamente o inviato per posta<\/td>\n<td class=\"has-text-align-center\" data-align=\"center\"><a href=\"https:\/\/manualegd.comune.sangiulianoterme.pisa.it\/?page_id=415#doc_amm_inf\">informatico<\/a><\/td>\n<td><a href=\"https:\/\/manualegd.comune.sangiulianoterme.pisa.it\/?page_id=1092#acq_prot\" target=\"_blank\" rel=\"noreferrer noopener\" data-type=\"URL\" data-id=\"https:\/\/ridice.eu\/?page_id=1092#acq_prot\">Protocollo<\/a><br \/><a href=\"https:\/\/manualegd.comune.sangiulianoterme.pisa.it\/?page_id=1092#acq_uor\" target=\"_blank\" rel=\"noreferrer noopener\" data-type=\"URL\" data-id=\"https:\/\/ridice.eu\/?page_id=1092#acq_uor\">UOR<\/a><\/td>\n<\/tr>\n<tr>\n<td class=\"has-text-align-center\" data-align=\"center\">sistema di acquisizione di istanze online<\/td>\n<td class=\"has-text-align-center\" data-align=\"center\"><a href=\"https:\/\/manualegd.comune.sangiulianoterme.pisa.it\/?page_id=415#doc_amm_inf\">informatico<\/a><\/td>\n<td><a href=\"https:\/\/manualegd.comune.sangiulianoterme.pisa.it\/?page_id=1092#acq_prot\" target=\"_blank\" rel=\"noreferrer noopener\" data-type=\"URL\" data-id=\"https:\/\/ridice.eu\/?page_id=1092#acq_prot\">Protocollo<\/a><br \/><a href=\"https:\/\/manualegd.comune.sangiulianoterme.pisa.it\/?page_id=1092#acq_uor\" target=\"_blank\" rel=\"noreferrer noopener\" data-type=\"URL\" data-id=\"https:\/\/ridice.eu\/?page_id=1092#acq_uor\">UOR<\/a><\/td>\n<\/tr>\n<tr>\n<td class=\"has-text-align-center\" data-align=\"center\">posta ordinaria o corriere<\/td>\n<td class=\"has-text-align-center\" data-align=\"center\"><a href=\"https:\/\/manualegd.comune.sangiulianoterme.pisa.it\/?page_id=415#doc_ana\">analogico<\/a><\/td>\n<td><a href=\"https:\/\/manualegd.comune.sangiulianoterme.pisa.it\/?page_id=1112#acq_prot\">Protocollo<\/a><\/td>\n<\/tr>\n<tr>\n<td class=\"has-text-align-center\" data-align=\"center\">posta raccomandata<\/td>\n<td class=\"has-text-align-center\" data-align=\"center\"><a href=\"https:\/\/manualegd.comune.sangiulianoterme.pisa.it\/?page_id=415#doc_ana\">analogico<\/a><\/td>\n<td><a href=\"https:\/\/manualegd.comune.sangiulianoterme.pisa.it\/?page_id=1112#acq_prot\">Protocollo<\/a><\/td>\n<\/tr>\n<tr>\n<td class=\"has-text-align-center\" data-align=\"center\">telefax o telegramma **<\/td>\n<td class=\"has-text-align-center\" data-align=\"center\"><a href=\"https:\/\/ridice.eu\/?page_id=415#doc_ana\">analogico<\/a><\/td>\n<td><a href=\"https:\/\/ridice.eu\/?page_id=1112#acq_prot\">Protocollo<\/a><\/td>\n<\/tr>\n<tr>\n<td class=\"has-text-align-center\" data-align=\"center\">consegna a mano<\/td>\n<td class=\"has-text-align-center\" data-align=\"center\"><a href=\"https:\/\/manualegd.comune.sangiulianoterme.pisa.it\/?page_id=415#doc_ana\">analogico<\/a><\/td>\n<td><a href=\"https:\/\/manualegd.comune.sangiulianoterme.pisa.it\/?page_id=1112#acq_prot\">Protocollo<\/a><br \/><a href=\"https:\/\/manualegd.comune.sangiulianoterme.pisa.it\/?page_id=1112#acq_uor\">UOR<\/a><\/td>\n<\/tr>\n<\/tbody>\n<\/table>\n<\/figure>\n<p><!-- \/wp:table --><br \/><!-- wp:paragraph --><\/p>\n<p>(*) Lo scambio di documenti aventi valore giuridico-probatorio tra pubbliche amministrazioni avviene esclusivamente tramite PEC e\/o sistema di interscambio, in quanto modalit\u00e0 idonee ad attestare la provenienza del messaggio, dunque l&#8217;identit\u00e0 del soggetto giuridico mittente<\/p>\n<p><!-- \/wp:paragraph --><\/p>\n<p><!-- wp:paragraph --><\/p>\n<p>La presentazione di istanze, dichiarazioni, dati e lo scambio di informazioni e documenti, anche a fini statistici, tra <strong>professionisti<\/strong>, <strong>imprese<\/strong> e le amministrazioni pubbliche avviene <strong>esclusivamente<\/strong> utilizzando l&#8217;indirizzo PEC <sup>(<a href=\"http:\/\/www.normattiva.it\/uri-res\/N2Ls?urn:nir:stato:2005-03-07;82~art5bis\" target=\"_blank\" rel=\"noopener\">1<\/a>)<\/sup> risultante dall&#8217;<a href=\"https:\/\/www.inipec.gov.it\/\" target=\"_blank\" rel=\"noreferrer noopener\" data-type=\"URL\" data-id=\"https:\/\/www.inipec.gov.it\/\">indice INI-PEC<\/a> <sup>(<a href=\"http:\/\/www.normattiva.it\/uri-res\/N2Ls?urn:nir:stato:2005-03-07;82~art6bis\" target=\"_blank\" rel=\"noopener\">2<\/a>)<\/sup><\/p>\n<p><!-- \/wp:paragraph --><\/p>\n<p><!-- wp:paragraph --><\/p>\n<p>(**) Ammessa <strong>solamente<\/strong> se proveniente da mittente diverso dalla pubblica amministrazione<\/p>\n<p><!-- \/wp:paragraph --><\/p>\n\t\t\t\t<\/div>\n\t\t\t<\/div>\n\t\t<\/div>\n\t\t<\/div>\n<\/div>\n<\/div>\n\n\n<div style=\"height:100px\" aria-hidden=\"true\" class=\"wp-block-spacer\"><\/div>\n\n\n<div\n\t\t\t\n\t\t\tclass=\"so-widget-sow-accordion so-widget-sow-accordion-default-0cbe2f692174\"\n\t\t\t\n\t\t><div>\n\t<div class=\"sow-accordion\">\n\t\t\t<div class=\"sow-accordion-panel\n\t\t\t\t\t\"\n\t\t\t\tdata-anchor-id=\"riferimenti-normativi\">\n\t\t\t\t\t<div class=\"sow-accordion-panel-header-container\" role=\"heading\" aria-level=\"2\">\n\t\t\t\t\t<div class=\"sow-accordion-panel-header\" tabindex=\"0\" role=\"button\" id=\"accordion-label-riferimenti-normativi\" aria-controls=\"accordion-content-riferimenti-normativi\" aria-expanded=\"false\">\n\t\t\t\t\t\t<div class=\"sow-accordion-title sow-accordion-title-icon-left\">\n\t\t\t\t\t\t\t\t\t\t\t\t\t\tRiferimenti normativi\t\t\t\t\t\t\t\t\t\t\t\t\t<\/div>\n\t\t\t\t\t\t<div class=\"sow-accordion-open-close-button\">\n\t\t\t\t\t\t\t<div class=\"sow-accordion-open-button\">\n\t\t\t\t\t\t\t\t<span class=\"sow-icon-ionicons\" data-sow-icon=\"&#xf218;\"\n\t\t \n\t\taria-hidden=\"true\"><\/span>\t\t\t\t\t\t\t<\/div>\n\t\t\t\t\t\t\t<div class=\"sow-accordion-close-button\">\n\t\t\t\t\t\t\t\t<span class=\"sow-icon-ionicons\" data-sow-icon=\"&#xf209;\"\n\t\t \n\t\taria-hidden=\"true\"><\/span>\t\t\t\t\t\t\t<\/div>\n\t\t\t\t\t\t<\/div>\n\t\t\t\t\t<\/div>\n\t\t\t\t<\/div>\n\n\t\t\t<div\n\t\t\t\tclass=\"sow-accordion-panel-content\"\n\t\t\t\trole=\"region\"\n\t\t\t\taria-labelledby=\"accordion-label-riferimenti-normativi\"\n\t\t\t\tid=\"accordion-content-riferimenti-normativi\"\n\t\t\t\t\t\t\t>\n\t\t\t\t<div class=\"sow-accordion-panel-border\">\n\t\t\t\t\t<p>(1) <a href=\"http:\/\/www.normattiva.it\/uri-res\/N2Ls?urn:nir:stato:2005-03-07;82~art5bis\" target=\"_blank\" rel=\"noopener\">art. 5-bis, comma 1, del DECRETO LEGISLATIVO\u00a07 marzo 2005, n. 82<\/a><\/p>\n<p>(2) <a href=\"http:\/\/www.normattiva.it\/uri-res\/N2Ls?urn:nir:stato:2005-03-07;82~art6bis\" target=\"_blank\" rel=\"noopener\">art. 6-bis, comma 2, del DECRETO LEGISLATIVO 7 marzo 2005, n. 82<\/a><\/p>\n\t\t\t\t<\/div>\n\t\t\t<\/div>\n\t\t<\/div>\n\t\t<\/div>\n<\/div>\n<\/div>","protected":false},"excerpt":{"rendered":"<p>Per documento in arrivo s&#8217;intende il documento di rilevanza giuridico-probatoria proveniente da un soggetto esterno, pubblico o privato, acquisito dall&#8217;AOO nell&#8217;esercizio delle proprie funzioni. Le &#8230; <\/p>\n","protected":false},"author":1,"featured_media":0,"parent":404,"menu_order":39,"comment_status":"closed","ping_status":"closed","template":"page-fullwidth.php","meta":{"footnotes":""},"class_list":["post-829","page","type-page","status-publish","hentry"],"_links":{"self":[{"href":"https:\/\/manualegd.comune.sangiulianoterme.pisa.it\/index.php?rest_route=\/wp\/v2\/pages\/829","targetHints":{"allow":["GET"]}}],"collection":[{"href":"https:\/\/manualegd.comune.sangiulianoterme.pisa.it\/index.php?rest_route=\/wp\/v2\/pages"}],"about":[{"href":"https:\/\/manualegd.comune.sangiulianoterme.pisa.it\/index.php?rest_route=\/wp\/v2\/types\/page"}],"author":[{"embeddable":true,"href":"https:\/\/manualegd.comune.sangiulianoterme.pisa.it\/index.php?rest_route=\/wp\/v2\/users\/1"}],"replies":[{"embeddable":true,"href":"https:\/\/manualegd.comune.sangiulianoterme.pisa.it\/index.php?rest_route=%2Fwp%2Fv2%2Fcomments&post=829"}],"version-history":[{"count":0,"href":"https:\/\/manualegd.comune.sangiulianoterme.pisa.it\/index.php?rest_route=\/wp\/v2\/pages\/829\/revisions"}],"up":[{"embeddable":true,"href":"https:\/\/manualegd.comune.sangiulianoterme.pisa.it\/index.php?rest_route=\/wp\/v2\/pages\/404"}],"wp:attachment":[{"href":"https:\/\/manualegd.comune.sangiulianoterme.pisa.it\/index.php?rest_route=%2Fwp%2Fv2%2Fmedia&parent=829"}],"curies":[{"name":"wp","href":"https:\/\/api.w.org\/{rel}","templated":true}]}}