{"id":415,"date":"2022-03-17T11:57:04","date_gmt":"2022-03-17T10:57:04","guid":{"rendered":"https:\/\/ridice.eu\/?page_id=415"},"modified":"2023-05-02T11:48:46","modified_gmt":"2023-05-02T09:48:46","slug":"definizioni-documento","status":"publish","type":"page","link":"https:\/\/manualegd.comune.sangiulianoterme.pisa.it\/?page_id=415","title":{"rendered":"Definizioni di documento"},"content":{"rendered":"<div\n\t\t\t\n\t\t\tclass=\"so-widget-sow-accordion so-widget-sow-accordion-default-0cbe2f692174\"\n\t\t\t\n\t\t><div>\n\t<div class=\"sow-accordion\">\n\t\t\t<div class=\"sow-accordion-panel\n\t\t\t\t\t\"\n\t\t\t\tdata-anchor-id=\"documento-amministrativo\">\n\t\t\t\t\t<div class=\"sow-accordion-panel-header-container\" role=\"heading\" aria-level=\"2\">\n\t\t\t\t\t<div class=\"sow-accordion-panel-header\" tabindex=\"0\" role=\"button\" id=\"accordion-label-documento-amministrativo\" aria-controls=\"accordion-content-documento-amministrativo\" aria-expanded=\"false\">\n\t\t\t\t\t\t<div class=\"sow-accordion-title sow-accordion-title-icon-left\">\n\t\t\t\t\t\t\t\t\t\t\t\t\t\tDocumento amministrativo\t\t\t\t\t\t\t\t\t\t\t\t\t<\/div>\n\t\t\t\t\t\t<div class=\"sow-accordion-open-close-button\">\n\t\t\t\t\t\t\t<div class=\"sow-accordion-open-button\">\n\t\t\t\t\t\t\t\t<span class=\"sow-icon-ionicons\" data-sow-icon=\"&#xf218;\"\n\t\t \n\t\taria-hidden=\"true\"><\/span>\t\t\t\t\t\t\t<\/div>\n\t\t\t\t\t\t\t<div class=\"sow-accordion-close-button\">\n\t\t\t\t\t\t\t\t<span class=\"sow-icon-ionicons\" data-sow-icon=\"&#xf209;\"\n\t\t \n\t\taria-hidden=\"true\"><\/span>\t\t\t\t\t\t\t<\/div>\n\t\t\t\t\t\t<\/div>\n\t\t\t\t\t<\/div>\n\t\t\t\t<\/div>\n\n\t\t\t<div\n\t\t\t\tclass=\"sow-accordion-panel-content\"\n\t\t\t\trole=\"region\"\n\t\t\t\taria-labelledby=\"accordion-label-documento-amministrativo\"\n\t\t\t\tid=\"accordion-content-documento-amministrativo\"\n\t\t\t\tstyle=\"display: none;\"\t\t\t>\n\t\t\t\t<div class=\"sow-accordion-panel-border\">\n\t\t\t\t\t<p><!-- wp:paragraph --><\/p>\n<p>Documento amministrativo ogni rappresentazione, comunque formata, del contenuto di atti, anche interni, delle pubbliche amministrazioni o, comunque, utilizzati ai fini dell&#8217;attivit\u00e0 amministrativa <sup>(<a href=\"http:\/\/www.normattiva.it\/uri-res\/N2Ls?urn:nir:stato:2000-12-28;445~art1\" target=\"_blank\" rel=\"noopener\">1<\/a>)<\/sup><\/p>\n<p><!-- \/wp:paragraph --><\/p>\n\t\t\t\t<\/div>\n\t\t\t<\/div>\n\t\t<\/div>\n\t\t\t<div class=\"sow-accordion-panel\n\t\t\t\t\t\"\n\t\t\t\tdata-anchor-id=\"documento-informatico\">\n\t\t\t\t\t<div class=\"sow-accordion-panel-header-container\" role=\"heading\" aria-level=\"2\">\n\t\t\t\t\t<div class=\"sow-accordion-panel-header\" tabindex=\"0\" role=\"button\" id=\"accordion-label-documento-informatico\" aria-controls=\"accordion-content-documento-informatico\" aria-expanded=\"false\">\n\t\t\t\t\t\t<div class=\"sow-accordion-title sow-accordion-title-icon-left\">\n\t\t\t\t\t\t\t\t\t\t\t\t\t\tDocumento informatico\t\t\t\t\t\t\t\t\t\t\t\t\t<\/div>\n\t\t\t\t\t\t<div class=\"sow-accordion-open-close-button\">\n\t\t\t\t\t\t\t<div class=\"sow-accordion-open-button\">\n\t\t\t\t\t\t\t\t<span class=\"sow-icon-ionicons\" data-sow-icon=\"&#xf218;\"\n\t\t \n\t\taria-hidden=\"true\"><\/span>\t\t\t\t\t\t\t<\/div>\n\t\t\t\t\t\t\t<div class=\"sow-accordion-close-button\">\n\t\t\t\t\t\t\t\t<span class=\"sow-icon-ionicons\" data-sow-icon=\"&#xf209;\"\n\t\t \n\t\taria-hidden=\"true\"><\/span>\t\t\t\t\t\t\t<\/div>\n\t\t\t\t\t\t<\/div>\n\t\t\t\t\t<\/div>\n\t\t\t\t<\/div>\n\n\t\t\t<div\n\t\t\t\tclass=\"sow-accordion-panel-content\"\n\t\t\t\trole=\"region\"\n\t\t\t\taria-labelledby=\"accordion-label-documento-informatico\"\n\t\t\t\tid=\"accordion-content-documento-informatico\"\n\t\t\t\tstyle=\"display: none;\"\t\t\t>\n\t\t\t\t<div class=\"sow-accordion-panel-border\">\n\t\t\t\t\t<p><!-- wp:paragraph {\"fontSize\":\"normal\"} --><\/p>\n<p class=\"has-normal-font-size\">Il documento informatico \u00e8 la rappresentazione informatica di atti, fatti o dati giuridicamente rilevanti <sup><a href=\"https:\/\/www.gazzettaufficiale.it\/atto\/serie_generale\/caricaArticolo?art.versione=1&amp;art.idGruppo=1&amp;art.flagTipoArticolo=0&amp;art.codiceRedazionale=001G0049&amp;art.idArticolo=1&amp;art.idSottoArticolo=1&amp;art.idSottoArticolo1=10&amp;art.dataPubblicazioneGazzetta=2001-02-20&amp;art.progressivo=0#art\" target=\"_blank\" rel=\"noreferrer noopener\" data-type=\"URL\" data-id=\"https:\/\/www.gazzettaufficiale.it\/atto\/serie_generale\/caricaArticolo?art.versione=1&amp;art.idGruppo=1&amp;art.flagTipoArticolo=0&amp;art.codiceRedazionale=001G0049&amp;art.idArticolo=1&amp;art.idSottoArticolo=1&amp;art.idSottoArticolo1=10&amp;art.dataPubblicazioneGazzetta=2001-02-20&amp;art.progressivo=0#art\">(<\/a><a href=\"http:\/\/www.normattiva.it\/uri-res\/N2Ls?urn:nir:stato:2000-12-28;445~art1\" target=\"_blank\" rel=\"noopener\">1<\/a><a href=\"https:\/\/www.gazzettaufficiale.it\/atto\/serie_generale\/caricaArticolo?art.versione=1&amp;art.idGruppo=1&amp;art.flagTipoArticolo=0&amp;art.codiceRedazionale=001G0049&amp;art.idArticolo=1&amp;art.idSottoArticolo=1&amp;art.idSottoArticolo1=10&amp;art.dataPubblicazioneGazzetta=2001-02-20&amp;art.progressivo=0#art\" target=\"_blank\" rel=\"noreferrer noopener\" data-type=\"URL\" data-id=\"https:\/\/www.gazzettaufficiale.it\/atto\/serie_generale\/caricaArticolo?art.versione=1&amp;art.idGruppo=1&amp;art.flagTipoArticolo=0&amp;art.codiceRedazionale=001G0049&amp;art.idArticolo=1&amp;art.idSottoArticolo=1&amp;art.idSottoArticolo1=10&amp;art.dataPubblicazioneGazzetta=2001-02-20&amp;art.progressivo=0#art\">)<\/a><\/sup><\/p>\n<p>Il documento informatico <strong>da chiunque formato<\/strong>, la registrazione su supporto informatico e la trasmissione con strumenti telematici, sono <strong>validi e rilevanti a tutti gli effetti di legge<\/strong>, se conformi alle disposizioni del TUDA. Le <strong>regole tecniche<\/strong> per la formazione, la trasmissione, la conservazione, la duplicazione, la riproduzione e la validazione, anche temporale, dei documenti informatici sono definite dal presente manuale, in conformit\u00e0 alla normativa vigente ed alle misure tecniche stabilite da AgID <sup>(<a href=\"http:\/\/www.normattiva.it\/uri-res\/N2Ls?urn:nir:stato:2000-12-28;445~art8\" target=\"_blank\" rel=\"noopener\">2<\/a>)<\/sup><\/p>\n<p><!-- \/wp:paragraph --><\/p>\n<p><!-- wp:paragraph {\"fontSize\":\"normal\"} --><\/p>\n<p class=\"has-normal-font-size\">Il documento informatico soddisfa il requisito della forma scritta e ha l\u2019efficacia prevista dall\u2019articolo 2702 del Codice civile <sup>(<a href=\"https:\/\/www.normattiva.it\/uri-res\/N2Ls?urn:nir:stato:1942-03-16;262:2~art2702\" target=\"_blank\" rel=\"noopener\">3<\/a>)<\/sup> quando:<\/p>\n<ul>\n<li class=\"has-normal-font-size\">vi \u00e8 apposta\u00a0una<a href=\"https:\/\/manualegd.comune.sangiulianoterme.pisa.it\/?page_id=375\" target=\"_blank\" rel=\"noopener\"> firma digitale<\/a><\/li>\n<li class=\"has-normal-font-size\">vi \u00e8 apposto altro tipo di firma elettronica qualificata o una firma elettronica avanzata<\/li>\n<li class=\"has-normal-font-size\">\u00e8 formato, previa identificazione informatica del suo autore, attraverso un processo avente i requisiti fissati dall\u2019AgID con modalit\u00e0 tali da garantire la sicurezza, integrit\u00e0 e immodificabilit\u00e0 del documento e, in maniera manifesta e inequivoca, la sua riconducibilit\u00e0 all\u2019autore. <sup>(<a href=\"http:\/\/www.normattiva.it\/uri-res\/N2Ls?urn:nir:stato:2005-03-07;82~art20\" target=\"_blank\" rel=\"noopener\">4<\/a>)<\/sup><\/li>\n<\/ul>\n<p><!-- \/wp:paragraph --><\/p>\n<p><!-- wp:paragraph --><\/p>\n<p>Il documento informatico deve essere <strong>identificato<\/strong> <strong>in modo univoco e persistente<\/strong>.<br \/>Il documento informatico \u00e8 <strong>immodificabile<\/strong> se la sua memorizzazione su supporto informatico in formato digitale non pu\u00f2 essere alterata nel suo accesso, gestione e conservazione <sup>(<a href=\"https:\/\/www.agid.gov.it\/sites\/default\/files\/repository_files\/linee_guida_sul_documento_informatico.pdf#page=12\" target=\"_blank\" rel=\"noopener\">5<\/a>)<\/sup><\/p>\n<p><!-- \/wp:paragraph --><\/p>\n<p><!-- wp:paragraph --><\/p>\n<p>Il documento informatico cositutito da un&#8217;<a href=\"https:\/\/manualegd.comune.sangiulianoterme.pisa.it\/?page_id=1092#Ist_dic\">istanza o una dichiarazione<\/a>, se presentato all&#8217;AOO per via telematica, \u00e8 soggetto a precisi requisiti di validit\u00e0.<\/p>\n<p><!-- \/wp:paragraph --><\/p>\n\t\t\t\t<\/div>\n\t\t\t<\/div>\n\t\t<\/div>\n\t\t\t<div class=\"sow-accordion-panel\n\t\t\t\t\t\"\n\t\t\t\tdata-anchor-id=\"documento-amministrativo-informatico\">\n\t\t\t\t\t<div class=\"sow-accordion-panel-header-container\" role=\"heading\" aria-level=\"2\">\n\t\t\t\t\t<div class=\"sow-accordion-panel-header\" tabindex=\"0\" role=\"button\" id=\"accordion-label-documento-amministrativo-informatico\" aria-controls=\"accordion-content-documento-amministrativo-informatico\" aria-expanded=\"false\">\n\t\t\t\t\t\t<div class=\"sow-accordion-title sow-accordion-title-icon-left\">\n\t\t\t\t\t\t\t\t\t\t\t\t\t\tDocumento amministrativo informatico\t\t\t\t\t\t\t\t\t\t\t\t\t<\/div>\n\t\t\t\t\t\t<div class=\"sow-accordion-open-close-button\">\n\t\t\t\t\t\t\t<div class=\"sow-accordion-open-button\">\n\t\t\t\t\t\t\t\t<span class=\"sow-icon-ionicons\" data-sow-icon=\"&#xf218;\"\n\t\t \n\t\taria-hidden=\"true\"><\/span>\t\t\t\t\t\t\t<\/div>\n\t\t\t\t\t\t\t<div class=\"sow-accordion-close-button\">\n\t\t\t\t\t\t\t\t<span class=\"sow-icon-ionicons\" data-sow-icon=\"&#xf209;\"\n\t\t \n\t\taria-hidden=\"true\"><\/span>\t\t\t\t\t\t\t<\/div>\n\t\t\t\t\t\t<\/div>\n\t\t\t\t\t<\/div>\n\t\t\t\t<\/div>\n\n\t\t\t<div\n\t\t\t\tclass=\"sow-accordion-panel-content\"\n\t\t\t\trole=\"region\"\n\t\t\t\taria-labelledby=\"accordion-label-documento-amministrativo-informatico\"\n\t\t\t\tid=\"accordion-content-documento-amministrativo-informatico\"\n\t\t\t\tstyle=\"display: none;\"\t\t\t>\n\t\t\t\t<div class=\"sow-accordion-panel-border\">\n\t\t\t\t\t<p><!-- wp:paragraph --><\/p>\n<p>Al documento amministrativo informatico si applicano le stesse regole valide per il documento informatico, salvo quanto specificato nel presente paragrafo [&#8230;] Il documento amministrativo informatico \u00e8 identificato e trattato nel sistema di gestione informatica dei documenti con le modalit\u00e0 descritte nel <a href=\"https:\/\/manualegd.comune.sangiulianoterme.pisa.it\/?page_id=1294\" target=\"_blank\" rel=\"noreferrer noopener\" data-type=\"URL\" data-id=\"https:\/\/ridice.eu\/?page_id=1294\">manuale di gestione documentale<\/a><\/p>\n<p><!-- \/wp:paragraph --><\/p>\n<p><!-- wp:paragraph --><\/p>\n<p>[&#8230;] Il documento amministrativo informatico assume le caratteristiche di immodificabilit\u00e0 e di integrit\u00e0, oltre che con le modalit\u00e0 di [<a href=\"https:\/\/manualegd.comune.sangiulianoterme.pisa.it\/?page_id=246#immo_inte\" target=\"_blank\" rel=\"noreferrer noopener\" data-type=\"URL\" data-id=\"https:\/\/ridice.eu\/?page_id=246#immo_inte\">formazione del documento informatico<\/a>, ndr], anche con la sua registrazione nel registro di protocollo, negli ulteriori registri, nei repertori, negli albi, negli elenchi, negli archivi o nelle raccolte di dati contenute nel sistema di gestione informatica dei documenti con le modalit\u00e0 descritte nel manuale di gestione documentale <sup>(<a href=\"https:\/\/www.agid.gov.it\/sites\/default\/files\/repository_files\/linee_guida_sul_documento_informatico.pdf#page=16\" target=\"_blank\" rel=\"noopener\">6<\/a>)<\/sup><\/p>\n<p><!-- \/wp:paragraph --><\/p>\n\t\t\t\t<\/div>\n\t\t\t<\/div>\n\t\t<\/div>\n\t\t\t<div class=\"sow-accordion-panel\n\t\t\t\t\t\"\n\t\t\t\tdata-anchor-id=\"documento-analogico\">\n\t\t\t\t\t<div class=\"sow-accordion-panel-header-container\" role=\"heading\" aria-level=\"2\">\n\t\t\t\t\t<div class=\"sow-accordion-panel-header\" tabindex=\"0\" role=\"button\" id=\"accordion-label-documento-analogico\" aria-controls=\"accordion-content-documento-analogico\" aria-expanded=\"false\">\n\t\t\t\t\t\t<div class=\"sow-accordion-title sow-accordion-title-icon-left\">\n\t\t\t\t\t\t\t\t\t\t\t\t\t\tDocumento analogico\t\t\t\t\t\t\t\t\t\t\t\t\t<\/div>\n\t\t\t\t\t\t<div class=\"sow-accordion-open-close-button\">\n\t\t\t\t\t\t\t<div class=\"sow-accordion-open-button\">\n\t\t\t\t\t\t\t\t<span class=\"sow-icon-ionicons\" data-sow-icon=\"&#xf218;\"\n\t\t \n\t\taria-hidden=\"true\"><\/span>\t\t\t\t\t\t\t<\/div>\n\t\t\t\t\t\t\t<div class=\"sow-accordion-close-button\">\n\t\t\t\t\t\t\t\t<span class=\"sow-icon-ionicons\" data-sow-icon=\"&#xf209;\"\n\t\t \n\t\taria-hidden=\"true\"><\/span>\t\t\t\t\t\t\t<\/div>\n\t\t\t\t\t\t<\/div>\n\t\t\t\t\t<\/div>\n\t\t\t\t<\/div>\n\n\t\t\t<div\n\t\t\t\tclass=\"sow-accordion-panel-content\"\n\t\t\t\trole=\"region\"\n\t\t\t\taria-labelledby=\"accordion-label-documento-analogico\"\n\t\t\t\tid=\"accordion-content-documento-analogico\"\n\t\t\t\tstyle=\"display: none;\"\t\t\t>\n\t\t\t\t<div class=\"sow-accordion-panel-border\">\n\t\t\t\t\t<p><!-- wp:paragraph --><\/p>\n<p>Per documento analogico s&#8217;intende il documento formato utilizzando una grandezza fisica che assume valori continui, come le tracce su carta (esempio: documenti cartacei), come le immagini su film (esempio: pellicole mediche, microfiches, microfilm), come le magnetizzazioni su nastro (esempio: cassette e nastri magnetici audio e video) su supporto non digitale<\/p>\n<p><!-- \/wp:paragraph --><\/p>\n<p><!-- wp:paragraph --><\/p>\n<p>Un documento cartaceo pu\u00f2 essere prodotto sia in maniera tradizionale (ad esempio, monoscritto), sia con strumenti informatici (ad esempio, tramite un sistema di videoscrittura) e successivamente stampato<\/p>\n<p><!-- \/wp:paragraph --><\/p>\n<p><!-- wp:paragraph --><\/p>\n<p>Pur definendo &#8220;originale&#8221; il documento cartaceo, gli <strong>effetti giuridici<\/strong> ad esso connessi fanno seguito alla formazione del documento amministrativo informatico da esso derivato, formato per acquisizione al sistema informatico di gestione documentale della AOO<br \/>Si rimanda, a questo proposito, a quanto stabilito dal presente manuale in ordine alle modalit\u00e0 di <a href=\"https:\/\/manualegd.comune.sangiulianoterme.pisa.it\/?page_id=259\" target=\"_blank\" rel=\"noreferrer noopener\" data-type=\"URL\" data-id=\"https:\/\/ridice.eu\/?page_id=259\">acquisizione di\u00a0copia per immagine\u00a0di documento analogico,\u00a0su supporto informatico<\/a><\/p>\n<p><!-- \/wp:paragraph --><\/p>\n<p><!-- wp:paragraph --><\/p>\n<p>Quanto sopra vale &#8211; si sottolinea ancora una volta &#8211; per il documento acquisito dalla AOO<\/p>\n<p><!-- \/wp:paragraph --><\/p>\n<p><!-- wp:paragraph --><\/p>\n<p>E&#8217; ulteriormente ribadito, in questa sede, l&#8217;<strong>obbligo<\/strong> per la Pubblica Amministrazione di formare gli originali dei propri documenti, inclusi quelli inerenti ad albi, elenchi e pubblici registri, con mezzi informatici, secondo le disposizioni di cui al CAD e le Linee guida<\/p>\n<p><!-- \/wp:paragraph --><\/p>\n<p><!-- wp:paragraph --><\/p>\n<p>Si rimanda, infine, a quanto stabilito dal presente manuale in ordine alla <a href=\"https:\/\/manualegd.comune.sangiulianoterme.pisa.it\/?page_id=246#cop_ana_doc_inf\" target=\"_blank\" rel=\"noreferrer noopener\" data-type=\"URL\" data-id=\"https:\/\/ridice.eu\/?page_id=246#cop_ana_doc_inf\">copia analogica di documento amministrativo informatico<\/a><\/p>\n<p><!-- \/wp:paragraph --><\/p>\n\t\t\t\t<\/div>\n\t\t\t<\/div>\n\t\t<\/div>\n\t\t<\/div>\n<\/div>\n<\/div>\n\n\n<div style=\"height:100px\" aria-hidden=\"true\" class=\"wp-block-spacer\"><\/div>\n\n\n<div\n\t\t\t\n\t\t\tclass=\"so-widget-sow-accordion so-widget-sow-accordion-default-0cbe2f692174\"\n\t\t\t\n\t\t><div>\n\t<div class=\"sow-accordion\">\n\t\t\t<div class=\"sow-accordion-panel\n\t\t\t\t\t\"\n\t\t\t\tdata-anchor-id=\"riferimenti-normativi\">\n\t\t\t\t\t<div class=\"sow-accordion-panel-header-container\" role=\"heading\" aria-level=\"2\">\n\t\t\t\t\t<div class=\"sow-accordion-panel-header\" tabindex=\"0\" role=\"button\" id=\"accordion-label-riferimenti-normativi\" aria-controls=\"accordion-content-riferimenti-normativi\" aria-expanded=\"false\">\n\t\t\t\t\t\t<div class=\"sow-accordion-title sow-accordion-title-icon-left\">\n\t\t\t\t\t\t\t\t\t\t\t\t\t\tRiferimenti normativi\t\t\t\t\t\t\t\t\t\t\t\t\t<\/div>\n\t\t\t\t\t\t<div class=\"sow-accordion-open-close-button\">\n\t\t\t\t\t\t\t<div class=\"sow-accordion-open-button\">\n\t\t\t\t\t\t\t\t<span class=\"sow-icon-ionicons\" data-sow-icon=\"&#xf218;\"\n\t\t \n\t\taria-hidden=\"true\"><\/span>\t\t\t\t\t\t\t<\/div>\n\t\t\t\t\t\t\t<div class=\"sow-accordion-close-button\">\n\t\t\t\t\t\t\t\t<span class=\"sow-icon-ionicons\" data-sow-icon=\"&#xf209;\"\n\t\t \n\t\taria-hidden=\"true\"><\/span>\t\t\t\t\t\t\t<\/div>\n\t\t\t\t\t\t<\/div>\n\t\t\t\t\t<\/div>\n\t\t\t\t<\/div>\n\n\t\t\t<div\n\t\t\t\tclass=\"sow-accordion-panel-content\"\n\t\t\t\trole=\"region\"\n\t\t\t\taria-labelledby=\"accordion-label-riferimenti-normativi\"\n\t\t\t\tid=\"accordion-content-riferimenti-normativi\"\n\t\t\t\tstyle=\"display: none;\"\t\t\t>\n\t\t\t\t<div class=\"sow-accordion-panel-border\">\n\t\t\t\t\t<p>(1) <a href=\"http:\/\/www.normattiva.it\/uri-res\/N2Ls?urn:nir:stato:2000-12-28;445~art1\" target=\"_blank\" rel=\"noopener\">art. 1, comma 1, del DECRETO DEL PRESIDENTE DELLA REPUBBLICA 28 dicembre 2000, n. 445<\/a><\/p>\n<p>(2) <a href=\"http:\/\/www.normattiva.it\/uri-res\/N2Ls?urn:nir:stato:2000-12-28;445~art8\" target=\"_blank\" rel=\"noopener\">art. 8, comma 1, del DECRETO DEL PRESIDENTE DELLA REPUBBLICA 28 dicembre 2000, n. 445<\/a><\/p>\n<p>(3) <a href=\"https:\/\/www.normattiva.it\/uri-res\/N2Ls?urn:nir:stato:1942-03-16;262:2~art2702\" target=\"_blank\" rel=\"noopener\">art. 2702 del Codice civile<\/a><\/p>\n<p>(4) <a href=\"http:\/\/www.normattiva.it\/uri-res\/N2Ls?urn:nir:stato:2005-03-07;82~art20\" target=\"_blank\" rel=\"noopener\">art. 20, comma 1 bis, del DECRETO LEGISLATIVO 7 marzo 2005, n. 82<\/a><\/p>\n<p>(5) <a href=\"https:\/\/www.agid.gov.it\/sites\/default\/files\/repository_files\/linee_guida_sul_documento_informatico.pdf#page=12\" target=\"_blank\" rel=\"noopener\">par. 2.1.1 delle Linee guida AgID sulla formazione, gestione e conservazione dei documenti informatici<\/a><\/p>\n<p>(6) <a href=\"https:\/\/www.agid.gov.it\/sites\/default\/files\/repository_files\/linee_guida_sul_documento_informatico.pdf#page=16\">par. 2.4.1 delle Linee guida AgID sulla formazione, gestione e conservazione dei documenti informatici<\/a><\/p>\n\t\t\t\t<\/div>\n\t\t\t<\/div>\n\t\t<\/div>\n\t\t<\/div>\n<\/div>\n<\/div>","protected":false},"excerpt":{"rendered":"","protected":false},"author":1,"featured_media":0,"parent":43,"menu_order":8,"comment_status":"closed","ping_status":"closed","template":"page-fullwidth.php","meta":{"footnotes":""},"class_list":["post-415","page","type-page","status-publish","hentry"],"_links":{"self":[{"href":"https:\/\/manualegd.comune.sangiulianoterme.pisa.it\/index.php?rest_route=\/wp\/v2\/pages\/415","targetHints":{"allow":["GET"]}}],"collection":[{"href":"https:\/\/manualegd.comune.sangiulianoterme.pisa.it\/index.php?rest_route=\/wp\/v2\/pages"}],"about":[{"href":"https:\/\/manualegd.comune.sangiulianoterme.pisa.it\/index.php?rest_route=\/wp\/v2\/types\/page"}],"author":[{"embeddable":true,"href":"https:\/\/manualegd.comune.sangiulianoterme.pisa.it\/index.php?rest_route=\/wp\/v2\/users\/1"}],"replies":[{"embeddable":true,"href":"https:\/\/manualegd.comune.sangiulianoterme.pisa.it\/index.php?rest_route=%2Fwp%2Fv2%2Fcomments&post=415"}],"version-history":[{"count":0,"href":"https:\/\/manualegd.comune.sangiulianoterme.pisa.it\/index.php?rest_route=\/wp\/v2\/pages\/415\/revisions"}],"up":[{"embeddable":true,"href":"https:\/\/manualegd.comune.sangiulianoterme.pisa.it\/index.php?rest_route=\/wp\/v2\/pages\/43"}],"wp:attachment":[{"href":"https:\/\/manualegd.comune.sangiulianoterme.pisa.it\/index.php?rest_route=%2Fwp%2Fv2%2Fmedia&parent=415"}],"curies":[{"name":"wp","href":"https:\/\/api.w.org\/{rel}","templated":true}]}}