{"id":2945,"date":"2022-08-19T13:03:36","date_gmt":"2022-08-19T11:03:36","guid":{"rendered":"https:\/\/ridice.eu\/?page_id=2945"},"modified":"2023-05-02T13:09:37","modified_gmt":"2023-05-02T11:09:37","slug":"sistema-di-conservazione-analogica","status":"publish","type":"page","link":"https:\/\/manualegd.comune.sangiulianoterme.pisa.it\/?page_id=2945","title":{"rendered":"Sistema di conservazione analogica"},"content":{"rendered":"\n<p>Il sistema di conservazione analogica pu\u00f2 essere definito come il complesso di <strong>regole<\/strong> e <strong>procedure<\/strong> capace di <strong>garantire nel tempo<\/strong> autenticit\u00e0, integrit\u00e0, affidabilit\u00e0, leggibilit\u00e0 e reperibilit\u00e0 dei <a href=\"https:\/\/manualegd.comune.sangiulianoterme.pisa.it\/?page_id=415#doc_ana\" data-type=\"URL\" data-id=\"https:\/\/ridice.eu\/?page_id=415#doc_ana\" target=\"_blank\" rel=\"noreferrer noopener\">documenti analogici<\/a>, nonch\u00e9 delle loro aggregazioni<\/p>\n\n\n\n<p>La AOO, in coerenza con le disposizioni normative e regolamentari in materia, opera affinch\u00e9 siano prodotti, gestiti, inviati e conservati &#8211; avvalendosi di strumenti di <a href=\"https:\/\/manualegd.comune.sangiulianoterme.pisa.it\/?page_id=132\" data-type=\"URL\" data-id=\"https:\/\/ridice.eu\/?page_id=132\" target=\"_blank\" rel=\"noreferrer noopener\">dematerializzazione<\/a> &#8211;  esclusivamente documenti informatici, secondo il principio di <em>digital first<\/em> <br>Pertanto, la <strong>conservazione analogica<\/strong> riguarda essenzialmente i documenti analogici formati dalla AOO precedentemente all&#8217;entrata in vigore dell&#8217;obbligo di utilizzo degli strumenti informatici <sup>(<a rel=\"noreferrer noopener\" href=\"http:\/\/www.normattiva.it\/uri-res\/N2Ls?urn:nir:stato:2005-03-07;82~art40\" data-type=\"URL\" data-id=\"http:\/\/www.normattiva.it\/uri-res\/N2Ls?urn:nir:stato:2005-03-07;82~art40\" target=\"_blank\">1<\/a>)<\/sup>, quelli provenienti da soggetti non obbligati alla formazione di documenti digitali &#8211; quali i cittadini stessi &#8211; e i documenti analogici <a href=\"https:\/\/manualegd.comune.sangiulianoterme.pisa.it\/?page_id=1759\" data-type=\"URL\" data-id=\"https:\/\/ridice.eu\/?page_id=1759\" target=\"_blank\" rel=\"noreferrer noopener\">formati dalla AOO in via eccezionale e residuale<\/a> <\/p>\n\n\n\n<div style=\"height:100px\" aria-hidden=\"true\" class=\"wp-block-spacer\"><\/div>\n\n\n<div\n\t\t\t\n\t\t\tclass=\"so-widget-sow-accordion so-widget-sow-accordion-default-0cbe2f692174\"\n\t\t\t\n\t\t><div>\n\t<div class=\"sow-accordion\">\n\t\t\t<div class=\"sow-accordion-panel\n\t\t\t\t\t\"\n\t\t\t\tdata-anchor-id=\"gestione-dellarchivio-corrente-dei-documenti-analogici\">\n\t\t\t\t\t<div class=\"sow-accordion-panel-header-container\" role=\"heading\" aria-level=\"2\">\n\t\t\t\t\t<div class=\"sow-accordion-panel-header\" tabindex=\"0\" role=\"button\" id=\"accordion-label-gestione-dellarchivio-corrente-dei-documenti-analogici\" aria-controls=\"accordion-content-gestione-dellarchivio-corrente-dei-documenti-analogici\" aria-expanded=\"false\">\n\t\t\t\t\t\t<div class=\"sow-accordion-title sow-accordion-title-icon-left\">\n\t\t\t\t\t\t\t\t\t\t\t\t\t\tGestione dell&#8217;archivio corrente dei documenti analogici\t\t\t\t\t\t\t\t\t\t\t\t\t<\/div>\n\t\t\t\t\t\t<div class=\"sow-accordion-open-close-button\">\n\t\t\t\t\t\t\t<div class=\"sow-accordion-open-button\">\n\t\t\t\t\t\t\t\t<span class=\"sow-icon-ionicons\" data-sow-icon=\"&#xf218;\"\n\t\t \n\t\taria-hidden=\"true\"><\/span>\t\t\t\t\t\t\t<\/div>\n\t\t\t\t\t\t\t<div class=\"sow-accordion-close-button\">\n\t\t\t\t\t\t\t\t<span class=\"sow-icon-ionicons\" data-sow-icon=\"&#xf209;\"\n\t\t \n\t\taria-hidden=\"true\"><\/span>\t\t\t\t\t\t\t<\/div>\n\t\t\t\t\t\t<\/div>\n\t\t\t\t\t<\/div>\n\t\t\t\t<\/div>\n\n\t\t\t<div\n\t\t\t\tclass=\"sow-accordion-panel-content\"\n\t\t\t\trole=\"region\"\n\t\t\t\taria-labelledby=\"accordion-label-gestione-dellarchivio-corrente-dei-documenti-analogici\"\n\t\t\t\tid=\"accordion-content-gestione-dellarchivio-corrente-dei-documenti-analogici\"\n\t\t\t\tstyle=\"display: none;\"\t\t\t>\n\t\t\t\t<div class=\"sow-accordion-panel-border\">\n\t\t\t\t\t<p>La gestione dell&#8217;<a href=\"https:\/\/manualegd.comune.sangiulianoterme.pisa.it\/?page_id=110\" target=\"_blank\" rel=\"noopener\">archivio corrente<\/a>, per la parte concernente i documenti analogici, \u00e8 una attivit\u00e0 particolarmente delicata, poich\u00e9 la mancanza di regole, o la loro inosservanza, produce unit\u00e0 archivistiche di natura incerta, spesso destinate ad una <strong>improria ed illimitata conservazione<\/strong>, compromettendo di fatto la funzionalit\u00e0 dell&#8217;archivio nel suo complesso<\/p>\n<p>L&#8217;adozione di accorgimenti e di regole standard \u00e8, perci\u00f2, particolarmente utile riguardo al trattamento dell&#8217;ingente ed eterogenea mole di documenti analogici acquisiti e prodotti dalla AOO nel corso della propria attivit\u00e0, proveniente in grande parte da cittadini o da soggetti non sottoposti all&#8217;obbligo di <em>digital first, <\/em>nonch\u00e9 di materiale prodotto in violazione dello stesso principio<\/p>\n<p>In questo caso, la documentazione acquisita \u00e8 <a href=\"https:\/\/manualegd.comune.sangiulianoterme.pisa.it\/?page_id=1112\" target=\"_blank\" rel=\"noopener\">inserita nel flusso documentale<\/a> digitale, previa scansione, mentre l&#8217;originale analogico \u00e8 recapitato all&#8217;UOR competente. A partire da questo momento, il documento digitale &#8211; precisamente la <a href=\"https:\/\/manualegd.comune.sangiulianoterme.pisa.it\/?page_id=259\" target=\"_blank\" rel=\"noopener\">copia informatica per immagine dell&#8217;originale analogico<\/a> &#8211; <strong>prevale<\/strong>, sotto l&#8217;aspetto gestionale, sul documento analogico stesso, stante il suo pieno valore giuridico-probatorio<\/p>\n<p>Ci\u00f2 significa che mentre il fascicolo analogico \u00e8 destinato essenzialmente alla conservazione del documento originale e di eventuali, nuovi documenti analogici pertinenti acquisiti successivamente, \u00e8 il <strong>solo il fascicolo digitale ad essere deputato a raccogliere gli atti conseguenti <\/strong>&#8211; necessari alla definizione dell&#8217;affare, dell&#8217;attivit\u00e0 o del procedimento &#8211; <strong>formati dalla AOO<\/strong>, evitando inutili e dannose duplicazioni<\/p>\n<p>Il documento viene cos\u00ec a far parte di <strong>due fascicoli &#8211;<\/strong> strettamente collegati e univocamente classificati &#8211; destinati a<strong> diverse modalit\u00e0<\/strong>, ma a <strong>stesso periodo<\/strong> di conservazione. La responsabilit\u00e0 delle operazioni di gestione dell&#8217;archivio corrente ricadono sul <strong>responsabile del procedimento<\/strong> nel cui contesto la documentazione \u00e8 acquisita<\/p>\n<p>L&#8217;archivio corrente dei documenti analogici \u00e8 <strong>ospitato<\/strong>, di norma, presso gli ambienti e gli uffici delle stesse UOR competenti, purch\u00e9 ritenuti <strong>idonei<\/strong> <strong>allo scopo<\/strong> a giudizio del responsabile del servizio archivio e protocollo. In caso di <strong>spostamento<\/strong> dell&#8217;archivio corrente, la UOR ineressata informa il responsabile del servizio archivio e protocollo che, previo sopralluogo dei locali, esprime il nulla-osta sulla loro idoneit\u00e0 e fornisce, se necessario, istruzioni o consigli utili ad una ottimale disposizione del materiale archivistico<\/p>\n<p>Qualora l&#8217;archivio corrente soggetto a trasferimento contenga <strong>dati personali<\/strong>, \u00e8 richiesto il parere del DPO in merito alle modalit\u00e0 di svolgimento delle operazioni ed alla idoneit\u00e0 delle misure fisiche poste a protezione dei documenti<\/p>\n<p>Il responsabile del procedimento, almeno una volta all&#8217;anno, trasferisce i <strong>fascicoli chiusi<\/strong> all&#8217;archivio di deposito, redigendo <a href=\"https:\/\/manualegd.comune.sangiulianoterme.pisa.it\/?page_id=777#repertorio\" target=\"_blank\" rel=\"noopener\">apposito repertorio<\/a>, previo accordo con il responsabile del servizio archivio e protocollo in merito alle modalit\u00e0 di trasferimento. La titolarit\u00e0 amministrativa dei documenti in deposito resta in capo al responsabile della UOR competente<\/p>\n\t\t\t\t<\/div>\n\t\t\t<\/div>\n\t\t<\/div>\n\t\t\t<div class=\"sow-accordion-panel\n\t\t\t\t\t\"\n\t\t\t\tdata-anchor-id=\"gestione-dellarchivio-di-deposito-dei-documenti-analogici\">\n\t\t\t\t\t<div class=\"sow-accordion-panel-header-container\" role=\"heading\" aria-level=\"2\">\n\t\t\t\t\t<div class=\"sow-accordion-panel-header\" tabindex=\"0\" role=\"button\" id=\"accordion-label-gestione-dellarchivio-di-deposito-dei-documenti-analogici\" aria-controls=\"accordion-content-gestione-dellarchivio-di-deposito-dei-documenti-analogici\" aria-expanded=\"false\">\n\t\t\t\t\t\t<div class=\"sow-accordion-title sow-accordion-title-icon-left\">\n\t\t\t\t\t\t\t\t\t\t\t\t\t\tGestione dell&#8217;archivio di deposito dei documenti analogici\t\t\t\t\t\t\t\t\t\t\t\t\t<\/div>\n\t\t\t\t\t\t<div class=\"sow-accordion-open-close-button\">\n\t\t\t\t\t\t\t<div class=\"sow-accordion-open-button\">\n\t\t\t\t\t\t\t\t<span class=\"sow-icon-ionicons\" data-sow-icon=\"&#xf218;\"\n\t\t \n\t\taria-hidden=\"true\"><\/span>\t\t\t\t\t\t\t<\/div>\n\t\t\t\t\t\t\t<div class=\"sow-accordion-close-button\">\n\t\t\t\t\t\t\t\t<span class=\"sow-icon-ionicons\" data-sow-icon=\"&#xf209;\"\n\t\t \n\t\taria-hidden=\"true\"><\/span>\t\t\t\t\t\t\t<\/div>\n\t\t\t\t\t\t<\/div>\n\t\t\t\t\t<\/div>\n\t\t\t\t<\/div>\n\n\t\t\t<div\n\t\t\t\tclass=\"sow-accordion-panel-content\"\n\t\t\t\trole=\"region\"\n\t\t\t\taria-labelledby=\"accordion-label-gestione-dellarchivio-di-deposito-dei-documenti-analogici\"\n\t\t\t\tid=\"accordion-content-gestione-dellarchivio-di-deposito-dei-documenti-analogici\"\n\t\t\t\tstyle=\"display: none;\"\t\t\t>\n\t\t\t\t<div class=\"sow-accordion-panel-border\">\n\t\t\t\t\t<p>L&#8217;archivio di deposito \u00e8 organizzato secondo un modello diffuso ed ospitato presso gli ambienti e gli uffici delle stesse UOR competenti, purch\u00e9 ritenuti <strong>idonei<\/strong> <strong>allo scopo<\/strong> a giudizio del responsabile del servizio archivio e protocollo<\/p>\n<p>La cura e la <strong>responsabilit\u00e0 gestionale<\/strong> dell&#8217;<a href=\"https:\/\/manualegd.comune.sangiulianoterme.pisa.it\/?page_id=110\" target=\"_blank\" rel=\"noopener\">archivio di deposito<\/a> analogico fanno capo al responsabile del servizio archivio e protocollo, cui spetta il compito di presidiare le seguenti attivit\u00e0:<\/p>\n<p><!-- wp:table {\"className\":\"is-style-stripes\"} --><\/p>\n<figure class=\"wp-block-table is-style-stripes\">\n<table>\n<tbody>\n<tr>\n<td><strong>preliminari<\/strong><\/td>\n<td>\n<p>individuazione e gestione dei locali adibiti a deposito dei documenti<\/p>\n<p>collaborazione con le UOR circa le modalit\u00e0 di conferimento dei documenti, predisposizione degli stessi, redazione dei repertori e degli elenchi di versamento<\/p>\n<\/td>\n<\/tr>\n<tr>\n<td><strong>ordinarie<\/strong><\/td>\n<td>\n<p>schedatura delle unit\u00e0 fisiche trasferite in funzione della collocazione logica e fisica e redazione di un elenco topografico, completo di riferimenti alla numerazione progressiva assegnata, al fine di facilitare il reperimento<\/p>\n<p>selezione in base al Piano di conservazione<\/p>\n<p>applicazione delle procedure di scarto<\/p>\n<p>aggiornamento e repertoriamento dei fascicoli e delle serie<\/p>\n<p>gestione del servizio di ricerca documentale<\/p>\n<p>programmazione delle attivit\u00e0 di archiviazione<\/p>\n<p>collaborazione all&#8217;aggiornamento del Piano di conservazione<\/p>\n<p>verifica della sicurezza e salubrit\u00e0 degli ambienti di conservazione (sicurezza antincendio e anti-intrusione, temperatura e umidit\u00e0, manutenzione e pulizia)<\/p>\n<\/td>\n<\/tr>\n<tr>\n<td><strong>straordinarie<\/strong><\/td>\n<td>\n<p>ricognizione della documentazione collocata presso gli ambienti e gli uffici della UOR non regolarmente sottoposta a archiviazione, dunque a trasferimento formale da archivio corrente a archivio di deposito<\/p>\n<p>schedatura delle unit\u00e0 documentali di cui al punto precedente, e attivit\u00e0 funzionali alla riconduzione della gestione del materiale archivistico a modalit\u00e0 ordinarie<\/p>\n<p>segnalazione al Responsabile della gesitone documentale di irregolarit\u00e0 nelle modalit\u00e0 di conservazione dell&#8217;archivio di deposito<\/p>\n<\/td>\n<\/tr>\n<\/tbody>\n<\/table>\n<\/figure>\n<p><!-- \/wp:table --><\/p>\n<p>Il servizio archivio e protocollo, in quanto soggetto preposto alla gestione, \u00e8 responsabile del <strong>servizio di ricerca documentale<\/strong>, nei confronti delle UOR interne alla AOO, cos\u00ec come rispetto ai soggetti esterni aventi titolo all&#8217;accesso<br \/>La presenza, presso la AOO, di un archivio di deposito diffuso, distribuito prevalentemente presso i locali delle UOR produttrici, non esime il responsabile della UOR interessata al prelievo di documentazione in deposito dal dover <strong>informare<\/strong> il responsabile del servizio archivio e protocollo del temporaneo accesso alla documentazione giacente<br \/>La <a href=\"https:\/\/manualegd.comune.sangiulianoterme.pisa.it\/wp-content\/uploads\/2022\/09\/modulo_richiesta_accesso.odt\" target=\"_blank\" rel=\"noopener\">comunicazione<\/a>\u00a0deve indicare gli estremi archivistici della documentazione, la UOR richiedente o il nominativo del richiedente e la data della richiesta e il tempo previsto di trattenimento<\/p>\n<p>S&#8217;intende assolutamente<strong> vietata<\/strong> l&#8217;<strong>estrazione<\/strong> di documenti originali, l&#8217;alterazione dell&#8217;<strong>ordine<\/strong> di sedimentazione del fascicolo. La <strong>riapertura del fascicolo <\/strong>\u00e8 altrettanto vietata<strong>,<\/strong>\u00a0se non previa <strong>autorizzazione<\/strong> del responsabile del servizio archivio e protocollo<\/p>\n\t\t\t\t<\/div>\n\t\t\t<\/div>\n\t\t<\/div>\n\t\t\t<div class=\"sow-accordion-panel\n\t\t\t\t\t\"\n\t\t\t\tdata-anchor-id=\"gestione-dellarchivio-storico-dei-documenti-analogici\">\n\t\t\t\t\t<div class=\"sow-accordion-panel-header-container\" role=\"heading\" aria-level=\"2\">\n\t\t\t\t\t<div class=\"sow-accordion-panel-header\" tabindex=\"0\" role=\"button\" id=\"accordion-label-gestione-dellarchivio-storico-dei-documenti-analogici\" aria-controls=\"accordion-content-gestione-dellarchivio-storico-dei-documenti-analogici\" aria-expanded=\"false\">\n\t\t\t\t\t\t<div class=\"sow-accordion-title sow-accordion-title-icon-left\">\n\t\t\t\t\t\t\t\t\t\t\t\t\t\tGestione dell&#8217;archivio storico dei documenti analogici\t\t\t\t\t\t\t\t\t\t\t\t\t<\/div>\n\t\t\t\t\t\t<div class=\"sow-accordion-open-close-button\">\n\t\t\t\t\t\t\t<div class=\"sow-accordion-open-button\">\n\t\t\t\t\t\t\t\t<span class=\"sow-icon-ionicons\" data-sow-icon=\"&#xf218;\"\n\t\t \n\t\taria-hidden=\"true\"><\/span>\t\t\t\t\t\t\t<\/div>\n\t\t\t\t\t\t\t<div class=\"sow-accordion-close-button\">\n\t\t\t\t\t\t\t\t<span class=\"sow-icon-ionicons\" data-sow-icon=\"&#xf209;\"\n\t\t \n\t\taria-hidden=\"true\"><\/span>\t\t\t\t\t\t\t<\/div>\n\t\t\t\t\t\t<\/div>\n\t\t\t\t\t<\/div>\n\t\t\t\t<\/div>\n\n\t\t\t<div\n\t\t\t\tclass=\"sow-accordion-panel-content\"\n\t\t\t\trole=\"region\"\n\t\t\t\taria-labelledby=\"accordion-label-gestione-dellarchivio-storico-dei-documenti-analogici\"\n\t\t\t\tid=\"accordion-content-gestione-dellarchivio-storico-dei-documenti-analogici\"\n\t\t\t\tstyle=\"display: none;\"\t\t\t>\n\t\t\t\t<div class=\"sow-accordion-panel-border\">\n\t\t\t\t\t<p>L\u2019archivio storico conserva i materiali relativi alle pratiche esaurite da oltre quarant\u2019anni, destinati alla conservazione permanente <sup>(<a href=\"https:\/\/www.normattiva.it\/uri-res\/N2Ls?urn:nir:stato:2004-01-22;42~art30\" target=\"_blank\" rel=\"noopener\">2<\/a>)<\/sup>. I documenti destinati alla conservazione in archivio storico sono trasferiti contestualmente agli strumenti che ne garantiscono il reperimento (indici, repertori, banche dati su supporto informatico)<\/p>\n<p>Il responsabile del servizio archivio e protocollo \u00e8 responsabile del materiale documentale conservato in archivio storico. In ragione di tale ruolo, questi cura e risponde della corretta esecuzione delle operazioni di trasferimento del materiale documentale dall&#8217;archivio di deposito all&#8217;archivio storico, previa consultazione del responsabile della gestione documentale. Spetta, inoltre allo stesso responsabile promuovere gli interventi conservativi indispensabili a preservare i materiali documentali dal degrado e fare ricorso &#8211; ove ritenga opportuno &#8211; a iniziative di digitalizzazione degli originali, volte alla tutela dell\u2019interesse storico-scientifico del materiale archivistico<\/p>\n<p>Tutti gli interventi di riordinamento, inventariazione e restauro prevedono l&#8217;autorizzazione della Soprintendenza archivistica e bibliografica di Firenze<\/p>\n\t\t\t\t<\/div>\n\t\t\t<\/div>\n\t\t<\/div>\n\t\t<\/div>\n<\/div>\n<\/div>\n\n\n<div style=\"height:100px\" aria-hidden=\"true\" class=\"wp-block-spacer\"><\/div>\n\n\n<div\n\t\t\t\n\t\t\tclass=\"so-widget-sow-accordion so-widget-sow-accordion-default-0cbe2f692174\"\n\t\t\t\n\t\t><div>\n\t<div class=\"sow-accordion\">\n\t\t\t<div class=\"sow-accordion-panel\n\t\t\t\t\t\"\n\t\t\t\tdata-anchor-id=\"riferimenti-normativi\">\n\t\t\t\t\t<div class=\"sow-accordion-panel-header-container\" role=\"heading\" aria-level=\"2\">\n\t\t\t\t\t<div class=\"sow-accordion-panel-header\" tabindex=\"0\" role=\"button\" id=\"accordion-label-riferimenti-normativi\" aria-controls=\"accordion-content-riferimenti-normativi\" aria-expanded=\"false\">\n\t\t\t\t\t\t<div class=\"sow-accordion-title sow-accordion-title-icon-left\">\n\t\t\t\t\t\t\t\t\t\t\t\t\t\tRiferimenti normativi\t\t\t\t\t\t\t\t\t\t\t\t\t<\/div>\n\t\t\t\t\t\t<div class=\"sow-accordion-open-close-button\">\n\t\t\t\t\t\t\t<div class=\"sow-accordion-open-button\">\n\t\t\t\t\t\t\t\t<span class=\"sow-icon-ionicons\" data-sow-icon=\"&#xf218;\"\n\t\t \n\t\taria-hidden=\"true\"><\/span>\t\t\t\t\t\t\t<\/div>\n\t\t\t\t\t\t\t<div class=\"sow-accordion-close-button\">\n\t\t\t\t\t\t\t\t<span class=\"sow-icon-ionicons\" data-sow-icon=\"&#xf209;\"\n\t\t \n\t\taria-hidden=\"true\"><\/span>\t\t\t\t\t\t\t<\/div>\n\t\t\t\t\t\t<\/div>\n\t\t\t\t\t<\/div>\n\t\t\t\t<\/div>\n\n\t\t\t<div\n\t\t\t\tclass=\"sow-accordion-panel-content\"\n\t\t\t\trole=\"region\"\n\t\t\t\taria-labelledby=\"accordion-label-riferimenti-normativi\"\n\t\t\t\tid=\"accordion-content-riferimenti-normativi\"\n\t\t\t\tstyle=\"display: none;\"\t\t\t>\n\t\t\t\t<div class=\"sow-accordion-panel-border\">\n\t\t\t\t\t<p>(1) <a href=\"http:\/\/www.normattiva.it\/uri-res\/N2Ls?urn:nir:stato:2005-03-07;82~art40\" target=\"_blank\" rel=\"noopener\">art. 40, comma 1, del DECRETO LEGISLATIVO 7 marzo 2005, n. 82<\/a><\/p>\n<p>(2) <a href=\"https:\/\/www.normattiva.it\/uri-res\/N2Ls?urn:nir:stato:2004-01-22;42~art30\" target=\"_blank\" rel=\"noopener\">art. 30, comma 4, del DECRETO LEGISLATIVO 22 gennaio 2004, n. 42<\/a><\/p>\n\t\t\t\t<\/div>\n\t\t\t<\/div>\n\t\t<\/div>\n\t\t<\/div>\n<\/div>\n<\/div>","protected":false},"excerpt":{"rendered":"<p>Il sistema di conservazione analogica pu\u00f2 essere definito come il complesso di regole e procedure capace di garantire nel tempo autenticit\u00e0, integrit\u00e0, affidabilit\u00e0, leggibilit\u00e0 e &#8230; <\/p>\n","protected":false},"author":1,"featured_media":0,"parent":110,"menu_order":54,"comment_status":"closed","ping_status":"closed","template":"page-fullwidth.php","meta":{"footnotes":""},"class_list":["post-2945","page","type-page","status-publish","hentry"],"_links":{"self":[{"href":"https:\/\/manualegd.comune.sangiulianoterme.pisa.it\/index.php?rest_route=\/wp\/v2\/pages\/2945","targetHints":{"allow":["GET"]}}],"collection":[{"href":"https:\/\/manualegd.comune.sangiulianoterme.pisa.it\/index.php?rest_route=\/wp\/v2\/pages"}],"about":[{"href":"https:\/\/manualegd.comune.sangiulianoterme.pisa.it\/index.php?rest_route=\/wp\/v2\/types\/page"}],"author":[{"embeddable":true,"href":"https:\/\/manualegd.comune.sangiulianoterme.pisa.it\/index.php?rest_route=\/wp\/v2\/users\/1"}],"replies":[{"embeddable":true,"href":"https:\/\/manualegd.comune.sangiulianoterme.pisa.it\/index.php?rest_route=%2Fwp%2Fv2%2Fcomments&post=2945"}],"version-history":[{"count":0,"href":"https:\/\/manualegd.comune.sangiulianoterme.pisa.it\/index.php?rest_route=\/wp\/v2\/pages\/2945\/revisions"}],"up":[{"embeddable":true,"href":"https:\/\/manualegd.comune.sangiulianoterme.pisa.it\/index.php?rest_route=\/wp\/v2\/pages\/110"}],"wp:attachment":[{"href":"https:\/\/manualegd.comune.sangiulianoterme.pisa.it\/index.php?rest_route=%2Fwp%2Fv2%2Fmedia&parent=2945"}],"curies":[{"name":"wp","href":"https:\/\/api.w.org\/{rel}","templated":true}]}}