{"id":132,"date":"2022-03-11T14:16:20","date_gmt":"2022-03-11T13:16:20","guid":{"rendered":"https:\/\/ridice.eu\/?page_id=132"},"modified":"2023-05-02T11:50:09","modified_gmt":"2023-05-02T09:50:09","slug":"dematerializzazione","status":"publish","type":"page","link":"https:\/\/manualegd.comune.sangiulianoterme.pisa.it\/?page_id=132","title":{"rendered":"Dematerializzazione"},"content":{"rendered":"\n<p>L\u2019AOO, in coerenza con le disposizioni normative e regolamentari in materia, opera affinch\u00e9 siano prodotti, gestiti, inviati e conservati <strong>esclusivamente<\/strong> documenti informatici. \u00c8 prevista la riproduzione su carta degli originali informatici firmati e protocollati solo nel caso in cui il destinatario degli stessi non sia nelle condizioni di ricevere e visualizzare documenti informatici<\/p>\n\n\n\n<p>Gli eventuali documenti cartacei ricevuti sono sottoposti &#8211; dopo <a href=\"https:\/\/manualegd.comune.sangiulianoterme.pisa.it\/?page_id=628\" data-type=\"URL\" target=\"_blank\" rel=\"noreferrer noopener\">registrazione e segnatura<\/a> di protocollo &#8211; alla <strong>dematerializzazione<\/strong> tramite processo di <a href=\"https:\/\/manualegd.comune.sangiulianoterme.pisa.it\/?page_id=1112\" data-type=\"URL\" target=\"_blank\" rel=\"noreferrer noopener\">scansione<\/a>, al fine di semplificare la gestione documentale ed agevolare una efficace, efficiente ed economica azione amministrativa<\/p>\n\n\n\n<p>Il processo di dematerializzazione, pertanto, \u00e8 contemplato dall&#8217;ordinaria gestione documentale della AOO. Ci\u00f2 premesso, \u00e8 comunque possibile procedere al recupero su supporto informatico dei documenti e degli <strong>atti cartacei <\/strong>in <strong>deposito<\/strong> dei quali sia obbligatoria o semplicemente opportuna la conservazione<sup>(<a href=\"http:\/\/www.normattiva.it\/uri-res\/N2Ls?urn:nir:stato:2005-03-07;82~art42\" data-type=\"URL\" data-id=\"http:\/\/www.normattiva.it\/uri-res\/N2Ls?urn:nir:stato:2005-03-07;82~art42\" target=\"_blank\" rel=\"noreferrer noopener\">1<\/a>)<\/sup>, al fine di renderne pi\u00f9 agile il reperimento, la circolazione e la trattazione<\/p>\n\n\n\n<p>Le attivit\u00e0 di <strong>dematerializzazione massiva<\/strong> <sup>(<a href=\"https:\/\/www.agid.gov.it\/sites\/default\/files\/repository_files\/linee_guida_sul_documento_informatico.pdf#page=14\" data-type=\"URL\" data-id=\"https:\/\/www.agid.gov.it\/sites\/default\/files\/repository_files\/linee_guida_sul_documento_informatico.pdf#page=14\" target=\"_blank\" rel=\"noreferrer noopener\">2<\/a>)<\/sup>, volta a conseguire gli effetti previsti dal CAD <sup>(<a href=\"http:\/\/www.normattiva.it\/uri-res\/N2Ls?urn:nir:stato:2005-03-07;82~art22\" data-type=\"URL\" data-id=\"http:\/\/www.normattiva.it\/uri-res\/N2Ls?urn:nir:stato:2005-03-07;82~art22\" target=\"_blank\" rel=\"noreferrer noopener\">3<\/a>)<\/sup>, pu\u00f2 essere proposta dal Responsabile del servizio Archivio e Protocollo al Responsabile della conservazione e prevedere la stessa <strong>distruzione degli originali analogici<\/strong><\/p>\n\n\n\n<div style=\"height:20px\" aria-hidden=\"true\" class=\"wp-block-spacer\"><\/div>\n\n\n\n<div class=\"wp-block-media-text alignwide is-stacked-on-mobile\" style=\"grid-template-columns:66% auto\"><figure class=\"wp-block-media-text__media\"><img loading=\"lazy\" decoding=\"async\" width=\"1025\" height=\"588\" src=\"https:\/\/ridice.eu\/wp-content\/uploads\/2022\/08\/scan_mass.jpg\" alt=\"\" class=\"wp-image-3385 size-full\" srcset=\"https:\/\/manualegd.comune.sangiulianoterme.pisa.it\/wp-content\/uploads\/2022\/08\/scan_mass.jpg 1025w, https:\/\/manualegd.comune.sangiulianoterme.pisa.it\/wp-content\/uploads\/2022\/08\/scan_mass-300x172.jpg 300w, https:\/\/manualegd.comune.sangiulianoterme.pisa.it\/wp-content\/uploads\/2022\/08\/scan_mass-768x441.jpg 768w\" sizes=\"auto, (max-width: 1025px) 100vw, 1025px\" \/><\/figure><div class=\"wp-block-media-text__content\">\n<p>L&#8217;<strong>impulso<\/strong> pu\u00f2 provenire dallo stesso responsabile UOR presso i cui ambienti e uffici \u00e8 depositato il materiale documentale oggetto della proposta di dematerializzazione<br><\/p>\n\n\n\n<p>Il responsabile della conservazione rimette il proprio <strong>parere<\/strong>  in merito al dirigente cui afferisce il servizio archivio e protocollo. Il parere riporta anche una valutazione in termini di costi-benefici dell&#8217;operazione<\/p>\n\n\n\n<p>L&#8217;atto formale di <strong>approvazione<\/strong> del dirigente rimette al responsabile del servizio archivio e protocollo, in quanto responsabile del procedimento, l&#8217;individuazione del soggetto in grado di certificare il <strong>processo di dematerializzazione<\/strong> <sup>(4)<\/sup><\/p>\n<\/div><\/div>\n\n\n\n<div style=\"height:100px\" aria-hidden=\"true\" class=\"wp-block-spacer\"><\/div>\n\n\n<div\n\t\t\t\n\t\t\tclass=\"so-widget-sow-accordion so-widget-sow-accordion-default-0cbe2f692174\"\n\t\t\t\n\t\t><div>\n\t<div class=\"sow-accordion\">\n\t\t\t<div class=\"sow-accordion-panel\n\t\t\t\t\t\"\n\t\t\t\tdata-anchor-id=\"riferimenti-normativi\">\n\t\t\t\t\t<div class=\"sow-accordion-panel-header-container\" role=\"heading\" aria-level=\"2\">\n\t\t\t\t\t<div class=\"sow-accordion-panel-header\" tabindex=\"0\" role=\"button\" id=\"accordion-label-riferimenti-normativi\" aria-controls=\"accordion-content-riferimenti-normativi\" aria-expanded=\"false\">\n\t\t\t\t\t\t<div class=\"sow-accordion-title sow-accordion-title-icon-left\">\n\t\t\t\t\t\t\t\t\t\t\t\t\t\tRiferimenti normativi\t\t\t\t\t\t\t\t\t\t\t\t\t<\/div>\n\t\t\t\t\t\t<div class=\"sow-accordion-open-close-button\">\n\t\t\t\t\t\t\t<div class=\"sow-accordion-open-button\">\n\t\t\t\t\t\t\t\t<span class=\"sow-icon-ionicons\" data-sow-icon=\"&#xf218;\"\n\t\t \n\t\taria-hidden=\"true\"><\/span>\t\t\t\t\t\t\t<\/div>\n\t\t\t\t\t\t\t<div class=\"sow-accordion-close-button\">\n\t\t\t\t\t\t\t\t<span class=\"sow-icon-ionicons\" data-sow-icon=\"&#xf209;\"\n\t\t \n\t\taria-hidden=\"true\"><\/span>\t\t\t\t\t\t\t<\/div>\n\t\t\t\t\t\t<\/div>\n\t\t\t\t\t<\/div>\n\t\t\t\t<\/div>\n\n\t\t\t<div\n\t\t\t\tclass=\"sow-accordion-panel-content\"\n\t\t\t\trole=\"region\"\n\t\t\t\taria-labelledby=\"accordion-label-riferimenti-normativi\"\n\t\t\t\tid=\"accordion-content-riferimenti-normativi\"\n\t\t\t\tstyle=\"display: none;\"\t\t\t>\n\t\t\t\t<div class=\"sow-accordion-panel-border\">\n\t\t\t\t\t<p>(<a href=\"https:\/\/www.gazzettaufficiale.it\/atto\/serie_generale\/caricaArticolo?art.versione=2&amp;art.idGruppo=8&amp;art.flagTipoArticolo=0&amp;art.codiceRedazionale=005G0104&amp;art.idArticolo=42&amp;art.idSottoArticolo=1&amp;art.idSottoArticolo1=10&amp;art.dataPubblicazioneGazzetta=2005-05-16&amp;art.progressivo=0#art\" target=\"_blank\" rel=\"noopener\">1<\/a>) <a href=\"http:\/\/www.normattiva.it\/uri-res\/N2Ls?urn:nir:stato:2005-03-07;82~art42\" target=\"_blank\" rel=\"noopener\">art. 42 del DECRETO LEGISLATIVO 7 marzo 2005, n. 82<\/a><\/p>\n<p>(2) <a href=\"https:\/\/www.agid.gov.it\/sites\/default\/files\/repository_files\/linee_guida_sul_documento_informatico.pdf#page=14\" target=\"_blank\" rel=\"noopener\">paragrafo 2.2 delle Linee guida AgID sulla formazione, gestione e conservazione dei documenti informatici<\/a><\/p>\n<p>(3) <a href=\"http:\/\/www.normattiva.it\/uri-res\/N2Ls?urn:nir:stato:2005-03-07;82~art22\" target=\"_blank\" rel=\"noopener\">art. 22, commi 4 e 5, del DECRETO LEGISLATIVO\u00a07 marzo 2005, n. 82<\/a><\/p>\n<p>(4) <a href=\"https:\/\/www.agid.gov.it\/sites\/default\/files\/repository_files\/allegato_3_certificazione_di_processo.pdf\" target=\"_blank\" rel=\"noopener\">Certificazione di processo &#8211; Allegato 3 al documento Linee guida sulla formazione, gestione e conservazione dei documenti informatici\u00a0<\/a><\/p>\n\t\t\t\t<\/div>\n\t\t\t<\/div>\n\t\t<\/div>\n\t\t<\/div>\n<\/div>\n<\/div>","protected":false},"excerpt":{"rendered":"<p>L\u2019AOO, in coerenza con le disposizioni normative e regolamentari in materia, opera affinch\u00e9 siano prodotti, gestiti, inviati e conservati esclusivamente documenti informatici. \u00c8 prevista la &#8230; <\/p>\n","protected":false},"author":1,"featured_media":0,"parent":43,"menu_order":9,"comment_status":"closed","ping_status":"closed","template":"page-fullwidth.php","meta":{"footnotes":""},"class_list":["post-132","page","type-page","status-publish","hentry"],"_links":{"self":[{"href":"https:\/\/manualegd.comune.sangiulianoterme.pisa.it\/index.php?rest_route=\/wp\/v2\/pages\/132","targetHints":{"allow":["GET"]}}],"collection":[{"href":"https:\/\/manualegd.comune.sangiulianoterme.pisa.it\/index.php?rest_route=\/wp\/v2\/pages"}],"about":[{"href":"https:\/\/manualegd.comune.sangiulianoterme.pisa.it\/index.php?rest_route=\/wp\/v2\/types\/page"}],"author":[{"embeddable":true,"href":"https:\/\/manualegd.comune.sangiulianoterme.pisa.it\/index.php?rest_route=\/wp\/v2\/users\/1"}],"replies":[{"embeddable":true,"href":"https:\/\/manualegd.comune.sangiulianoterme.pisa.it\/index.php?rest_route=%2Fwp%2Fv2%2Fcomments&post=132"}],"version-history":[{"count":0,"href":"https:\/\/manualegd.comune.sangiulianoterme.pisa.it\/index.php?rest_route=\/wp\/v2\/pages\/132\/revisions"}],"up":[{"embeddable":true,"href":"https:\/\/manualegd.comune.sangiulianoterme.pisa.it\/index.php?rest_route=\/wp\/v2\/pages\/43"}],"wp:attachment":[{"href":"https:\/\/manualegd.comune.sangiulianoterme.pisa.it\/index.php?rest_route=%2Fwp%2Fv2%2Fmedia&parent=132"}],"curies":[{"name":"wp","href":"https:\/\/api.w.org\/{rel}","templated":true}]}}