{"id":1266,"date":"2022-05-30T13:29:10","date_gmt":"2022-05-30T11:29:10","guid":{"rendered":"https:\/\/ridice.eu\/?page_id=1266"},"modified":"2022-09-09T16:01:46","modified_gmt":"2022-09-09T14:01:46","slug":"modello-di-sistema-di-conservazione","status":"publish","type":"page","link":"https:\/\/manualegd.comune.sangiulianoterme.pisa.it\/?page_id=1266","title":{"rendered":"Modello di sistema di conservazione"},"content":{"rendered":"\n<p>Il sistema di conservazione del comune di San Giuliano Terme prevede che il processo si svolga all&#8217;esterno della struttura dell&#8217;ente<\/p>\n\n\n\n<p>I <strong>requisiti<\/strong> del processo di conservazione, le <strong>responsabilit\u00e0<\/strong>, i <strong>compiti<\/strong> del responsabile della conservazione e del responsabile del servizio di conservazione e le loro <strong>modalit\u00e0 d&#8217;interazion<\/strong>e sono formalizzate nel presente manuale per espresso ed integrale richiamo dell&#8217;<a rel=\"noreferrer noopener\" href=\"https:\/\/www.regione.toscana.it\/documents\/10180\/13766808\/DigiDoc%20-%20Accordo%20di%20Servizio%20Enti%20v.%204.0\/a87696b6-7fc0-7f56-fc67-740c0fe2fc5a\" data-type=\"URL\" data-id=\"https:\/\/www.regione.toscana.it\/documents\/10180\/13766808\/DigiDoc%20-%20Accordo%20di%20Servizio%20Enti%20v.%204.0\/a87696b6-7fc0-7f56-fc67-740c0fe2fc5a\" target=\"_blank\">accordo di servizio<\/a>, nonch\u00e9 del <a rel=\"noreferrer noopener\" href=\"https:\/\/www.regione.toscana.it\/documents\/10180\/13766808\/Manuale%20di%20Conservazione%204.0\/c44e6bbb-b036-95e6-0edf-4209505b2377\" data-type=\"URL\" data-id=\"https:\/\/www.regione.toscana.it\/documents\/10180\/13766808\/Manuale%20di%20Conservazione%204.0\/c44e6bbb-b036-95e6-0edf-4209505b2377\" target=\"_blank\">manuale<\/a> del conservatore stesso<\/p>\n\n\n\n<p>Il servizio di conservazione \u00e8 erogato dalla Regione Toscana, in conformit\u00e0 al presente schema<\/p>\n\n\n\n<div style=\"height:20px\" aria-hidden=\"true\" class=\"wp-block-spacer\"><\/div>\n\n\n\n<div class=\"wp-block-columns is-layout-flex wp-container-core-columns-is-layout-9d6595d7 wp-block-columns-is-layout-flex\">\n<div class=\"wp-block-column is-layout-flow wp-block-column-is-layout-flow\" style=\"flex-basis:66.66%\">\n<figure class=\"wp-block-image size-full is-resized\"><img loading=\"lazy\" decoding=\"async\" src=\"https:\/\/ridice.eu\/wp-content\/uploads\/2022\/08\/modello-DAX.png\" alt=\"\" class=\"wp-image-3120\" width=\"482\" height=\"395\" srcset=\"https:\/\/manualegd.comune.sangiulianoterme.pisa.it\/wp-content\/uploads\/2022\/08\/modello-DAX.png 791w, https:\/\/manualegd.comune.sangiulianoterme.pisa.it\/wp-content\/uploads\/2022\/08\/modello-DAX-300x246.png 300w, https:\/\/manualegd.comune.sangiulianoterme.pisa.it\/wp-content\/uploads\/2022\/08\/modello-DAX-768x629.png 768w\" sizes=\"auto, (max-width: 482px) 100vw, 482px\" \/><\/figure>\n<\/div>\n\n\n\n<div class=\"wp-block-column is-layout-flow wp-block-column-is-layout-flow\" style=\"flex-basis:33.33%\">\n<p>L&#8217;<strong>area IT<\/strong> della Regione Toscana si interfaccia con gli <em>outsourcer<\/em> incaricati della gestione delle piattaforme tecnologiche e coopera con il responsabile della conservazione<\/p>\n\n\n\n<p>Il <strong>gestore del TIX<\/strong> &#8211; Tuscany Internet eXchange gestisce l&#8217;infrastruttura fisica, garantendo la disponibilit\u00e0 dei sitemi di rete connettivit\u00e0 ed il monitoraggio della connettivit\u00e0  <\/p>\n\n\n\n<p>Il <strong>Raggruppamento d&#8217;imprese DAX<\/strong>, su incarico della Regione Toscana, garantisce a ciascun ente produttore la disponibilit\u00e0 del sistema di gestione di conservazione documentale<\/p>\n<\/div>\n<\/div>\n","protected":false},"excerpt":{"rendered":"<p>Il sistema di conservazione del comune di San Giuliano Terme prevede che il processo si svolga all&#8217;esterno della struttura dell&#8217;ente I requisiti del processo di &#8230; <\/p>\n","protected":false},"author":1,"featured_media":0,"parent":1262,"menu_order":52,"comment_status":"closed","ping_status":"closed","template":"page-fullwidth.php","meta":{"footnotes":""},"class_list":["post-1266","page","type-page","status-publish","hentry"],"_links":{"self":[{"href":"https:\/\/manualegd.comune.sangiulianoterme.pisa.it\/index.php?rest_route=\/wp\/v2\/pages\/1266","targetHints":{"allow":["GET"]}}],"collection":[{"href":"https:\/\/manualegd.comune.sangiulianoterme.pisa.it\/index.php?rest_route=\/wp\/v2\/pages"}],"about":[{"href":"https:\/\/manualegd.comune.sangiulianoterme.pisa.it\/index.php?rest_route=\/wp\/v2\/types\/page"}],"author":[{"embeddable":true,"href":"https:\/\/manualegd.comune.sangiulianoterme.pisa.it\/index.php?rest_route=\/wp\/v2\/users\/1"}],"replies":[{"embeddable":true,"href":"https:\/\/manualegd.comune.sangiulianoterme.pisa.it\/index.php?rest_route=%2Fwp%2Fv2%2Fcomments&post=1266"}],"version-history":[{"count":0,"href":"https:\/\/manualegd.comune.sangiulianoterme.pisa.it\/index.php?rest_route=\/wp\/v2\/pages\/1266\/revisions"}],"up":[{"embeddable":true,"href":"https:\/\/manualegd.comune.sangiulianoterme.pisa.it\/index.php?rest_route=\/wp\/v2\/pages\/1262"}],"wp:attachment":[{"href":"https:\/\/manualegd.comune.sangiulianoterme.pisa.it\/index.php?rest_route=%2Fwp%2Fv2%2Fmedia&parent=1266"}],"curies":[{"name":"wp","href":"https:\/\/api.w.org\/{rel}","templated":true}]}}