{"id":1254,"date":"2022-05-30T13:16:42","date_gmt":"2022-05-30T11:16:42","guid":{"rendered":"https:\/\/ridice.eu\/?page_id=1254"},"modified":"2023-05-02T13:11:02","modified_gmt":"2023-05-02T11:11:02","slug":"selezione-e-scarto-di-documenti","status":"publish","type":"page","link":"https:\/\/manualegd.comune.sangiulianoterme.pisa.it\/?page_id=1254","title":{"rendered":"Selezione e scarto di documenti"},"content":{"rendered":"\n<p>La <strong>selezione<\/strong>, cio\u00e8 il momento valutativo, <strong>non intacca la complessit\u00e0 e l\u2019unitariet\u00e0 dell\u2019archivio<\/strong>, ma, procedendo all\u2019individuazione dei documenti strumentali e transitori, da destinare allo scarto, vale a dire alla distruzione fisica, <strong>evidenzia i nessi fra i documenti essenziali da conservare permanentemente<\/strong><\/p>\n\n\n\n<p>Pertanto, l\u2019eliminazione di taluni documenti deve essere preceduta dalla <strong>valutazione<\/strong> delle procedure di produzione documentaria, in modo che vengano assicurati la comprensione dell\u2019<strong>attivit\u00e0<\/strong> dell\u2019ente produttore e il mantenimento delle <strong>attestazioni di diritti<\/strong> <sup>(1)<\/sup><\/p>\n\n\n\n<div style=\"height:20px\" aria-hidden=\"true\" class=\"wp-block-spacer\"><\/div>\n\n\n<div\n\t\t\t\n\t\t\tclass=\"so-widget-sow-accordion so-widget-sow-accordion-default-0cbe2f692174\"\n\t\t\t\n\t\t><div>\n\t<div class=\"sow-accordion\">\n\t\t\t<div class=\"sow-accordion-panel\n\t\t\t\t\t\"\n\t\t\t\tdata-anchor-id=\"la-procedura-di-scarto-documentale\">\n\t\t\t\t\t<div class=\"sow-accordion-panel-header-container\" role=\"heading\" aria-level=\"2\">\n\t\t\t\t\t<div class=\"sow-accordion-panel-header\" tabindex=\"0\" role=\"button\" id=\"accordion-label-la-procedura-di-scarto-documentale\" aria-controls=\"accordion-content-la-procedura-di-scarto-documentale\" aria-expanded=\"false\">\n\t\t\t\t\t\t<div class=\"sow-accordion-title sow-accordion-title-icon-left\">\n\t\t\t\t\t\t\t\t\t\t\t\t\t\tLa procedura di scarto documentale\t\t\t\t\t\t\t\t\t\t\t\t\t<\/div>\n\t\t\t\t\t\t<div class=\"sow-accordion-open-close-button\">\n\t\t\t\t\t\t\t<div class=\"sow-accordion-open-button\">\n\t\t\t\t\t\t\t\t<span class=\"sow-icon-ionicons\" data-sow-icon=\"&#xf218;\"\n\t\t \n\t\taria-hidden=\"true\"><\/span>\t\t\t\t\t\t\t<\/div>\n\t\t\t\t\t\t\t<div class=\"sow-accordion-close-button\">\n\t\t\t\t\t\t\t\t<span class=\"sow-icon-ionicons\" data-sow-icon=\"&#xf209;\"\n\t\t \n\t\taria-hidden=\"true\"><\/span>\t\t\t\t\t\t\t<\/div>\n\t\t\t\t\t\t<\/div>\n\t\t\t\t\t<\/div>\n\t\t\t\t<\/div>\n\n\t\t\t<div\n\t\t\t\tclass=\"sow-accordion-panel-content\"\n\t\t\t\trole=\"region\"\n\t\t\t\taria-labelledby=\"accordion-label-la-procedura-di-scarto-documentale\"\n\t\t\t\tid=\"accordion-content-la-procedura-di-scarto-documentale\"\n\t\t\t\tstyle=\"display: none;\"\t\t\t>\n\t\t\t\t<div class=\"sow-accordion-panel-border\">\n\t\t\t\t\t<p><!-- wp:paragraph --><\/p>\n<p>Lo <strong>scarto<\/strong> <strong>documentale<\/strong> &#8211; a differenza dello <a href=\"https:\/\/manualegd.comune.sangiulianoterme.pisa.it\/?page_id=771#sfol_fasc\" target=\"_blank\" rel=\"noreferrer noopener\" data-type=\"URL\">sfoltimento<\/a> &#8211; \u00e8 un&#8217;operazione riguardante l&#8217;archivio di deposito, tassativamente <strong>subordinata all&#8217;autorizzazione<sup>(<\/sup><\/strong><sup><a href=\"https:\/\/www.normattiva.it\/uri-res\/N2Ls?urn:nir:stato:decreto.legislativo:2004-01-22;42~art21\" target=\"_blank\" rel=\"noopener\">2<\/a><\/sup><strong><sup>)<\/sup><\/strong> della Soprintendenza archivistica e bibliografica per la Toscana, rilasciata previa comunicazione dell&#8217;<a href=\"https:\/\/manualegd.comune.sangiulianoterme.pisa.it\/wp-content\/uploads\/2022\/09\/modulo_scarto.odt\">elenco degli atti<\/a> di cui si propone l&#8217;eliminazione<\/p>\n<p><!-- \/wp:paragraph --><\/p>\n\t\t\t\t<\/div>\n\t\t\t<\/div>\n\t\t<\/div>\n\t\t\t<div class=\"sow-accordion-panel\n\t\t\t\t\t\"\n\t\t\t\tdata-anchor-id=\"massimario-di-scarto\">\n\t\t\t\t\t<div class=\"sow-accordion-panel-header-container\" role=\"heading\" aria-level=\"2\">\n\t\t\t\t\t<div class=\"sow-accordion-panel-header\" tabindex=\"0\" role=\"button\" id=\"accordion-label-massimario-di-scarto\" aria-controls=\"accordion-content-massimario-di-scarto\" aria-expanded=\"false\">\n\t\t\t\t\t\t<div class=\"sow-accordion-title sow-accordion-title-icon-left\">\n\t\t\t\t\t\t\t\t\t\t\t\t\t\tMassimario di scarto\t\t\t\t\t\t\t\t\t\t\t\t\t<\/div>\n\t\t\t\t\t\t<div class=\"sow-accordion-open-close-button\">\n\t\t\t\t\t\t\t<div class=\"sow-accordion-open-button\">\n\t\t\t\t\t\t\t\t<span class=\"sow-icon-ionicons\" data-sow-icon=\"&#xf218;\"\n\t\t \n\t\taria-hidden=\"true\"><\/span>\t\t\t\t\t\t\t<\/div>\n\t\t\t\t\t\t\t<div class=\"sow-accordion-close-button\">\n\t\t\t\t\t\t\t\t<span class=\"sow-icon-ionicons\" data-sow-icon=\"&#xf209;\"\n\t\t \n\t\taria-hidden=\"true\"><\/span>\t\t\t\t\t\t\t<\/div>\n\t\t\t\t\t\t<\/div>\n\t\t\t\t\t<\/div>\n\t\t\t\t<\/div>\n\n\t\t\t<div\n\t\t\t\tclass=\"sow-accordion-panel-content\"\n\t\t\t\trole=\"region\"\n\t\t\t\taria-labelledby=\"accordion-label-massimario-di-scarto\"\n\t\t\t\tid=\"accordion-content-massimario-di-scarto\"\n\t\t\t\tstyle=\"display: none;\"\t\t\t>\n\t\t\t\t<div class=\"sow-accordion-panel-border\">\n\t\t\t\t\t<p><!-- wp:paragraph --><\/p>\n<p>Il massimario di scarto \u00e8 uno strumento volto ad agevolare le operazioni di scarto preliminari al trasferimento della documentazione all&#8217;archivio di deposito, attraverso l&#8217;individuazione delle <strong>tipologie documentali <\/strong>riferibili ai diversi procedimenti di competenza della AOO<br \/>Data la complessit\u00e0 dell&#8217;attivit\u00e0 amministrativa svolta dalla AOO e la molteplicit\u00e0 di tipologie documentali prodotte, il massimario deve essere inteso come strumento <strong>orientativo e non esaustivo<\/strong><\/p>\n<p><!-- \/wp:paragraph --><\/p>\n<p><!-- wp:paragraph --><\/p>\n<p>Il massimario di scarto, nell&#8217;ambito del presente manuale, \u00e8 integrato nel <a href=\"https:\/\/manualegd.comune.sangiulianoterme.pisa.it\/?page_id=4065\" target=\"_blank\" rel=\"noopener\"><strong>prontuario<\/strong> <strong>di classificazione, fascicolazione e conservazione<\/strong><\/a>, appositamente concepito per accorpare i rispettivi piani<\/p>\n<p><!-- \/wp:paragraph --><\/p>\n<p><!-- wp:paragraph --><\/p>\n<p>In caso di dubbi in merito alla conservazione o eliminazione di un documento, il responsabile della conservazione, sentito il responsabile della gestione documentale, interpella preventivamente la Sovrintendenza archivistica e bibliografica della Toscana<\/p>\n<p><!-- \/wp:paragraph --><\/p>\n\t\t\t\t<\/div>\n\t\t\t<\/div>\n\t\t<\/div>\n\t\t\t<div class=\"sow-accordion-panel\n\t\t\t\t\t\"\n\t\t\t\tdata-anchor-id=\"scarto-di-documenti-analogici\">\n\t\t\t\t\t<div class=\"sow-accordion-panel-header-container\" role=\"heading\" aria-level=\"2\">\n\t\t\t\t\t<div class=\"sow-accordion-panel-header\" tabindex=\"0\" role=\"button\" id=\"accordion-label-scarto-di-documenti-analogici\" aria-controls=\"accordion-content-scarto-di-documenti-analogici\" aria-expanded=\"false\">\n\t\t\t\t\t\t<div class=\"sow-accordion-title sow-accordion-title-icon-left\">\n\t\t\t\t\t\t\t\t\t\t\t\t\t\tScarto di documenti analogici\t\t\t\t\t\t\t\t\t\t\t\t\t<\/div>\n\t\t\t\t\t\t<div class=\"sow-accordion-open-close-button\">\n\t\t\t\t\t\t\t<div class=\"sow-accordion-open-button\">\n\t\t\t\t\t\t\t\t<span class=\"sow-icon-ionicons\" data-sow-icon=\"&#xf218;\"\n\t\t \n\t\taria-hidden=\"true\"><\/span>\t\t\t\t\t\t\t<\/div>\n\t\t\t\t\t\t\t<div class=\"sow-accordion-close-button\">\n\t\t\t\t\t\t\t\t<span class=\"sow-icon-ionicons\" data-sow-icon=\"&#xf209;\"\n\t\t \n\t\taria-hidden=\"true\"><\/span>\t\t\t\t\t\t\t<\/div>\n\t\t\t\t\t\t<\/div>\n\t\t\t\t\t<\/div>\n\t\t\t\t<\/div>\n\n\t\t\t<div\n\t\t\t\tclass=\"sow-accordion-panel-content\"\n\t\t\t\trole=\"region\"\n\t\t\t\taria-labelledby=\"accordion-label-scarto-di-documenti-analogici\"\n\t\t\t\tid=\"accordion-content-scarto-di-documenti-analogici\"\n\t\t\t\tstyle=\"display: none;\"\t\t\t>\n\t\t\t\t<div class=\"sow-accordion-panel-border\">\n\t\t\t\t\t<p>Il responsabile UOR, avvalendosi del repertorio dei fascicoli e coadiuvato dal responsabile del servizio archivio e protocollo, inoltra al responsabile della conservazione la proposta di scarto documentale, conforme al piano di conservazione. La proposta \u00e8 redatta secondo il <a href=\"https:\/\/manualegd.comune.sangiulianoterme.pisa.it\/wp-content\/uploads\/2022\/09\/modulo_scarto.odt\" target=\"_blank\" rel=\"noopener\">modello predisposto<\/a> dalla Sovrintendenza archivistica e bibliografica della Toscana, completa delle specifiche richieste<\/p>\n<p>Tale proposta, corredata del parere del responsabile della conservazione, viene quindi sottoposta al vaglio del Responsabile della gestione documentale. Quest&#8217;ultimo, sentito &#8211; se ritenuto necessario &#8211; il responsabile della protezione dati, rimette al <strong>dirigente competente<\/strong> le proprie considerazioni in merito alla proposta di scarto affinch\u00e9 disponga conseguentemente con atto formale<\/p>\n<p>La determinazione dirigenziale \u00e8 quindi trasmessa alla Sovrintendenza archivistica e bibliografica della Toscana unitamente all&#8217;elenco dei fascicoli destinati alla distruzione e all&#8217;indicazione delle modalit\u00e0 prescelta per la distruzione dei documenti <sup>(<a href=\"https:\/\/www.normattiva.it\/uri-res\/N2Ls?urn:nir:stato:2001-01-08;37~art8\" target=\"_blank\" rel=\"noopener\">3<\/a>)<\/sup><\/p>\n<p>La Sovrintendenza, a sua volta, acquisisce il nulla-osta del Ministero dell&#8217;Interno<sup>(<a href=\"https:\/\/www.normattiva.it\/uri-res\/N2Ls?urn:nir:stato:1975-12-30;854~art4\" target=\"_blank\" rel=\"noopener\">4<\/a>)<\/sup> in ordine al controllo sulla eventuale presenza di atti riservati, contenenti dati relativi alla politica interna o estera dello Stato o dati personali particolari o &#8220;sensibili&#8221;<\/p>\n<p>Una volta autorizzato lo scarto, l&#8217;operazione \u00e8 rimessa alla conduzione del responsabile del servizio archivio e protocollo, che provveder\u00e0 ad affidare ad un soggetto esterno, opportunamente selezionato, il servizio di materiale distruzione dei documenti, dietro rilascio di relativo verbale di corretta esecuzione. Copia del verbale \u00e8 trasmessa alla Sovrintendenza archivistica e bibliografica competente<\/p>\n<p>Il fascicolo documentale relativo al processo di scarto documentale \u00e8 soggetto a <strong>conservazione illimitata<\/strong><\/p>\n\t\t\t\t<\/div>\n\t\t\t<\/div>\n\t\t<\/div>\n\t\t\t<div class=\"sow-accordion-panel\n\t\t\t\t\t\"\n\t\t\t\tdata-anchor-id=\"scarto-di-documenti-informatici\">\n\t\t\t\t\t<div class=\"sow-accordion-panel-header-container\" role=\"heading\" aria-level=\"2\">\n\t\t\t\t\t<div class=\"sow-accordion-panel-header\" tabindex=\"0\" role=\"button\" id=\"accordion-label-scarto-di-documenti-informatici\" aria-controls=\"accordion-content-scarto-di-documenti-informatici\" aria-expanded=\"false\">\n\t\t\t\t\t\t<div class=\"sow-accordion-title sow-accordion-title-icon-left\">\n\t\t\t\t\t\t\t\t\t\t\t\t\t\tScarto di documenti informatici\t\t\t\t\t\t\t\t\t\t\t\t\t<\/div>\n\t\t\t\t\t\t<div class=\"sow-accordion-open-close-button\">\n\t\t\t\t\t\t\t<div class=\"sow-accordion-open-button\">\n\t\t\t\t\t\t\t\t<span class=\"sow-icon-ionicons\" data-sow-icon=\"&#xf218;\"\n\t\t \n\t\taria-hidden=\"true\"><\/span>\t\t\t\t\t\t\t<\/div>\n\t\t\t\t\t\t\t<div class=\"sow-accordion-close-button\">\n\t\t\t\t\t\t\t\t<span class=\"sow-icon-ionicons\" data-sow-icon=\"&#xf209;\"\n\t\t \n\t\taria-hidden=\"true\"><\/span>\t\t\t\t\t\t\t<\/div>\n\t\t\t\t\t\t<\/div>\n\t\t\t\t\t<\/div>\n\t\t\t\t<\/div>\n\n\t\t\t<div\n\t\t\t\tclass=\"sow-accordion-panel-content\"\n\t\t\t\trole=\"region\"\n\t\t\t\taria-labelledby=\"accordion-label-scarto-di-documenti-informatici\"\n\t\t\t\tid=\"accordion-content-scarto-di-documenti-informatici\"\n\t\t\t\tstyle=\"display: none;\"\t\t\t>\n\t\t\t\t<div class=\"sow-accordion-panel-border\">\n\t\t\t\t\t<p>Il soggetto produttore, nel formare i documenti o le loro aggragazioni, correda l\u2019oggetto informatico dei metadati relativi ai tempi di conservazione. In caso di mancata indicazione, la conservazione si intende illimitata.<\/p>\n<p>Questa informazione consente al responsabile del servizio di conservazione di collaborare alle operazioni di selezione e scarto del materiale archivistico tramite la generazione dell\u2019elenco dei pacchetti di archiviazione contenenti i documenti destinati allo scarto, nel rispetto di quanto stabilito dal piano di conservazione<\/p>\n<p>L\u2019elenco \u00e8 comunicato al responsabile della conservazione che, a sua volta, lo trasmette al responsabile della gestione documentale<\/p>\n<p>Quest\u2019ultimo, sentito \u2013 se ritenuto necessario \u2013 il responsabile della protezione dati, rimette al dirigente competente le proprie considerazioni in merito alla proposta di scarto affinch\u00e9 disponga conseguentemente con atto formale. La determinazione dirigenziale \u00e8 quindi trasmessa alla Sovrintendenza archivistica e bibliografica della Toscana unitamente all\u2019elenco dei fascicoli destinati alla distruzione. Naturalmente, l\u2019autorizzazione della Sovrintendenza archivistica presuppone il nulla-osta del Ministero dell\u2019Interno in ordine al controllo sulla eventuale presenza di atti riservati, contenenti dati relativi alla politica interna o estera dello Stato o dati personali particolari o \u201csensibili\u201d<\/p>\n<p>E\u2019 onere del soggetto produttore, nella persona del responsabile della gestione documentale, comunicare formalmente al responsabile del servizio di conservazione la lista dei documenti di cui \u00e8 stata autorizzata l\u2019eliminazione, inviando copia del documento di autorizzazione allo scarto. La piena efficacia dell\u2019operazione si avr\u00e0 al momento dell\u2019aggiornamento delle copie di sicurezza del sistema<\/p>\n<p>Il servizio proceder\u00e0 di conseguenza ad attestare al titolare l\u2019avvenuta eliminazione della documentazione soggetta a scarto. I documenti e le aggregazioni documentali informatiche espunti dal sistema di conservazione devono essere eliminati anche da tutti i sistemi della AOO titolare<\/p>\n\t\t\t\t<\/div>\n\t\t\t<\/div>\n\t\t<\/div>\n\t\t<\/div>\n<\/div>\n<\/div>\n\n\n<div style=\"height:100px\" aria-hidden=\"true\" class=\"wp-block-spacer\"><\/div>\n\n\n<div\n\t\t\t\n\t\t\tclass=\"so-widget-sow-accordion so-widget-sow-accordion-default-0cbe2f692174\"\n\t\t\t\n\t\t><div>\n\t<div class=\"sow-accordion\">\n\t\t\t<div class=\"sow-accordion-panel\n\t\t\t\t\t\"\n\t\t\t\tdata-anchor-id=\"riferimenti-normativi\">\n\t\t\t\t\t<div class=\"sow-accordion-panel-header-container\" role=\"heading\" aria-level=\"2\">\n\t\t\t\t\t<div class=\"sow-accordion-panel-header\" tabindex=\"0\" role=\"button\" id=\"accordion-label-riferimenti-normativi\" aria-controls=\"accordion-content-riferimenti-normativi\" aria-expanded=\"false\">\n\t\t\t\t\t\t<div class=\"sow-accordion-title sow-accordion-title-icon-left\">\n\t\t\t\t\t\t\t\t\t\t\t\t\t\tRiferimenti normativi\t\t\t\t\t\t\t\t\t\t\t\t\t<\/div>\n\t\t\t\t\t\t<div class=\"sow-accordion-open-close-button\">\n\t\t\t\t\t\t\t<div class=\"sow-accordion-open-button\">\n\t\t\t\t\t\t\t\t<span class=\"sow-icon-ionicons\" data-sow-icon=\"&#xf218;\"\n\t\t \n\t\taria-hidden=\"true\"><\/span>\t\t\t\t\t\t\t<\/div>\n\t\t\t\t\t\t\t<div class=\"sow-accordion-close-button\">\n\t\t\t\t\t\t\t\t<span class=\"sow-icon-ionicons\" data-sow-icon=\"&#xf209;\"\n\t\t \n\t\taria-hidden=\"true\"><\/span>\t\t\t\t\t\t\t<\/div>\n\t\t\t\t\t\t<\/div>\n\t\t\t\t\t<\/div>\n\t\t\t\t<\/div>\n\n\t\t\t<div\n\t\t\t\tclass=\"sow-accordion-panel-content\"\n\t\t\t\trole=\"region\"\n\t\t\t\taria-labelledby=\"accordion-label-riferimenti-normativi\"\n\t\t\t\tid=\"accordion-content-riferimenti-normativi\"\n\t\t\t\t\t\t\t>\n\t\t\t\t<div class=\"sow-accordion-panel-border\">\n\t\t\t\t\t<p>(1) si veda il &#8220;<a href=\"https:\/\/www.agid.gov.it\/sites\/default\/files\/repository_files\/documenti_indirizzo\/piano_conservazione_-_massimario_scarto_comuni.pdf\" target=\"_blank\" rel=\"noopener\">Massimario di scarto dei comuni<\/a>&#8221; proposto da AgID ed elaborato dalla Sovrintendenza archivistica e bibliografica della Toscana ripreso dal presente documento<\/p>\n<p>(2) <a href=\"https:\/\/www.normattiva.it\/uri-res\/N2Ls?urn:nir:stato:decreto.legislativo:2004-01-22;42~art21\" target=\"_blank\" rel=\"noopener\">art. 21, comma 1, lett. d) del Decreto Legislativo 22 gennaio 2004, n. 42<\/a><\/p>\n<p>(3) <a href=\"https:\/\/www.normattiva.it\/uri-res\/N2Ls?urn:nir:stato:2001-01-08;37~art8\" target=\"_blank\" rel=\"noopener\">art. 8 del DECRETO DEL PRESIDENTE DELLA REPUBBLICA\u00a08 gennaio 2001, n. 37<\/a><\/p>\n<p>(5) <a href=\"https:\/\/www.normattiva.it\/uri-res\/N2Ls?urn:nir:stato:1975-12-30;854~art4\" target=\"_blank\" rel=\"noopener\">art. 4 del DECRETO DEL PRESIDENTE DELLA REPUBBLICA 30 dicembre 1975, n. 854<\/a>\u00a0<\/p>\n\t\t\t\t<\/div>\n\t\t\t<\/div>\n\t\t<\/div>\n\t\t<\/div>\n<\/div>\n<\/div>","protected":false},"excerpt":{"rendered":"<p>La selezione, cio\u00e8 il momento valutativo, non intacca la complessit\u00e0 e l\u2019unitariet\u00e0 dell\u2019archivio, ma, procedendo all\u2019individuazione dei documenti strumentali e transitori, da destinare allo scarto, &#8230; <\/p>\n","protected":false},"author":1,"featured_media":0,"parent":110,"menu_order":55,"comment_status":"closed","ping_status":"closed","template":"page-fullwidth.php","meta":{"footnotes":""},"class_list":["post-1254","page","type-page","status-publish","hentry"],"_links":{"self":[{"href":"https:\/\/manualegd.comune.sangiulianoterme.pisa.it\/index.php?rest_route=\/wp\/v2\/pages\/1254","targetHints":{"allow":["GET"]}}],"collection":[{"href":"https:\/\/manualegd.comune.sangiulianoterme.pisa.it\/index.php?rest_route=\/wp\/v2\/pages"}],"about":[{"href":"https:\/\/manualegd.comune.sangiulianoterme.pisa.it\/index.php?rest_route=\/wp\/v2\/types\/page"}],"author":[{"embeddable":true,"href":"https:\/\/manualegd.comune.sangiulianoterme.pisa.it\/index.php?rest_route=\/wp\/v2\/users\/1"}],"replies":[{"embeddable":true,"href":"https:\/\/manualegd.comune.sangiulianoterme.pisa.it\/index.php?rest_route=%2Fwp%2Fv2%2Fcomments&post=1254"}],"version-history":[{"count":0,"href":"https:\/\/manualegd.comune.sangiulianoterme.pisa.it\/index.php?rest_route=\/wp\/v2\/pages\/1254\/revisions"}],"up":[{"embeddable":true,"href":"https:\/\/manualegd.comune.sangiulianoterme.pisa.it\/index.php?rest_route=\/wp\/v2\/pages\/110"}],"wp:attachment":[{"href":"https:\/\/manualegd.comune.sangiulianoterme.pisa.it\/index.php?rest_route=%2Fwp%2Fv2%2Fmedia&parent=1254"}],"curies":[{"name":"wp","href":"https:\/\/api.w.org\/{rel}","templated":true}]}}