{"id":1235,"date":"2022-05-30T12:39:26","date_gmt":"2022-05-30T10:39:26","guid":{"rendered":"https:\/\/ridice.eu\/?page_id=1235"},"modified":"2023-05-02T12:24:54","modified_gmt":"2023-05-02T10:24:54","slug":"registro-di-emergenza","status":"publish","type":"page","link":"https:\/\/manualegd.comune.sangiulianoterme.pisa.it\/?page_id=1235","title":{"rendered":"Registro di emergenza"},"content":{"rendered":"\n<p>Nel caso in cui, per cause eccezionali e strordinarie, non sia possibile avvalersi del sistema informatico di gestione documentale per espletare le ordinarie attivit\u00e0 di protocollazione, il responsabile della gestione documentale dispone, con proprio atto, l&#8217;attivazione del registro di emergenza. Lo stesso documento riporta gli estremi dell&#8217;atto istitutivo<\/p>\n\n\n\n<p>Il registro di emergenza \u00e8 istituito in modalit\u00e0 informatica <em>off line<\/em> \u2013 quando tecnicamente possibile &#8211; altrimenti in modalit\u00e0 cartacea, servendosi dello <a href=\"https:\/\/manualegd.comune.sangiulianoterme.pisa.it\/wp-content\/uploads\/2022\/09\/Registro_emergenza.odt\" data-type=\"URL\" data-id=\"https:\/\/ridice.eu\/wp-content\/uploads\/2022\/09\/Registro_emergenza.odt\" target=\"_blank\" rel=\"noreferrer noopener\">schema allegato<\/a> al presente manuale<\/p>\n\n\n\n<p>L&#8217;atto d&#8217;istituzione del registro d&#8217;emergenza deve essere corredato da congrua motivazione e riportare con esattezza data e ora di attivazione del registro, nonch\u00e9 quelle di ripristino delle funzionalit\u00e0 del sistema, se ragionevolmente prevedibili. Il registro d&#8217;emergenza, numerato in ordine progressivo, pu\u00f2 protrarsi oltre le ventiquattro ore solo in casi di eccezionale gravit\u00e0, e mai oltre una settimana. <br>Decorsa una settimana di regime straordinario, il registro corrente \u00e8 chiuso e ne viene istituito uno nuovo, conseguentemente numerato, secondo le modalit\u00e0 illustrate in precedenza. Eventuali successive proroghe seguono le regole enunciate<\/p>\n\n\n\n<p>Al termine dell&#8217;emergenza, il responsabile della gestione documentale d\u00e0 formale comunicazione della data e dell&#8217;ora di ripristino delle funzionalit\u00e0 del sistema, chiudendo contestualmente il registro d&#8217;emergenza<\/p>\n\n\n\n<div style=\"height:20px\" aria-hidden=\"true\" class=\"wp-block-spacer\"><\/div>\n\n\n<div\n\t\t\t\n\t\t\tclass=\"so-widget-sow-accordion so-widget-sow-accordion-default-0cbe2f692174\"\n\t\t\t\n\t\t><div>\n\t<div class=\"sow-accordion\">\n\t\t\t<div class=\"sow-accordion-panel\n\t\t\t\t\t\"\n\t\t\t\tdata-anchor-id=\"modalita-di-gestione-del-registro-demergenza\">\n\t\t\t\t\t<div class=\"sow-accordion-panel-header-container\" role=\"heading\" aria-level=\"2\">\n\t\t\t\t\t<div class=\"sow-accordion-panel-header\" tabindex=\"0\" role=\"button\" id=\"accordion-label-modalit%c3%a0-di-gestione-del-registro-demergenza\" aria-controls=\"accordion-content-modalit%c3%a0-di-gestione-del-registro-demergenza\" aria-expanded=\"false\">\n\t\t\t\t\t\t<div class=\"sow-accordion-title sow-accordion-title-icon-left\">\n\t\t\t\t\t\t\t\t\t\t\t\t\t\tModalit\u00e0 di gestione del registro d&#8217;emergenza\t\t\t\t\t\t\t\t\t\t\t\t\t<\/div>\n\t\t\t\t\t\t<div class=\"sow-accordion-open-close-button\">\n\t\t\t\t\t\t\t<div class=\"sow-accordion-open-button\">\n\t\t\t\t\t\t\t\t<span class=\"sow-icon-ionicons\" data-sow-icon=\"&#xf218;\"\n\t\t \n\t\taria-hidden=\"true\"><\/span>\t\t\t\t\t\t\t<\/div>\n\t\t\t\t\t\t\t<div class=\"sow-accordion-close-button\">\n\t\t\t\t\t\t\t\t<span class=\"sow-icon-ionicons\" data-sow-icon=\"&#xf209;\"\n\t\t \n\t\taria-hidden=\"true\"><\/span>\t\t\t\t\t\t\t<\/div>\n\t\t\t\t\t\t<\/div>\n\t\t\t\t\t<\/div>\n\t\t\t\t<\/div>\n\n\t\t\t<div\n\t\t\t\tclass=\"sow-accordion-panel-content\"\n\t\t\t\trole=\"region\"\n\t\t\t\taria-labelledby=\"accordion-label-modalit%c3%a0-di-gestione-del-registro-demergenza\"\n\t\t\t\tid=\"accordion-content-modalit%c3%a0-di-gestione-del-registro-demergenza\"\n\t\t\t\tstyle=\"display: none;\"\t\t\t>\n\t\t\t\t<div class=\"sow-accordion-panel-border\">\n\t\t\t\t\t<p><!-- wp:paragraph --><\/p>\n<p>Per garantire l\u2019identificazione univoca dei documenti registrati nell\u2019ambito del sistema documentario, il Registro d&#8217;emergenza segue una sequenza numerica cardinale crescente. Al termine di ciascuna giornata lavorativa, il responsabile del servizio archivio e protocollo annota il totale delle operazioni di registrazioni effettuate<\/p>\n<p><!-- \/wp:paragraph --><\/p>\n<p><!-- wp:paragraph --><\/p>\n<p>Le operazioni di <strong>registrazione<\/strong> di protocollo e segnatura si svolgono in confromit\u00e0 alle <a href=\"https:\/\/manualegd.comune.sangiulianoterme.pisa.it\/?page_id=628\" target=\"_blank\" rel=\"noreferrer noopener\" data-type=\"URL\" data-id=\"https:\/\/ridice.eu\/?page_id=628\">disposizioni del presente manuale<\/a>, utilizzando in parallelo sia un registro cartaceo, sia il sistema di gestione documentale in modalit\u00e0 <em>off-line<\/em><\/p>\n<p><!-- \/wp:paragraph --><\/p>\n<p><!-- wp:paragraph --><\/p>\n<p>La <strong>segnatura<\/strong> del documento, in circostanze emergenziali, avviene nelle seguenti modalit\u00e0:<\/p>\n<p><!-- \/wp:paragraph --><\/p>\n<p><!-- wp:list --><\/p>\n<ul>\n<li>in caso di documento <strong>analogico<\/strong>, per apposizione di apposito timbro, riportante gli estremi della registrazione<\/li>\n<li>in caso di documento <strong>informatico<\/strong>, per apposizione di apposito timbro sulla copia analogica, riportante gli estremi della registrazione. In alternativa &#8211; a discrezione del responsabile del servizio archivio e protocollo o della UOR competente &#8211; una volta registrati gli elementi identificativi del documento ed assagnata la numerazione di protocollo d&#8217;emergenza, la segnatura \u00e8 rimandata alla fase di ricongiunzione delle banche-dati, al momento del rispristino del sistema<\/li>\n<\/ul>\n<p><!-- \/wp:list --><\/p>\n<p><!-- wp:paragraph --><\/p>\n<p>Al momento del ripristino delle ordinarie funzionalit\u00e0 del sistema, il responsabile della gestione documentale, di concerto con il responsabile dei servizi informativi, provvede a <strong>ricongiungere<\/strong> le due banche-dati, mentre il sistema stesso garantisce il mantenimento nel tempo della stabile correlazione tra l&#8217;identificativo di protocollo d&#8217;emergenza e quello assegnato al documento al momento della sua acquisizione a sistema. La numerazione di protocollo generale &#8211; che riprende dall&#8217;interruzione, in modo che non risulti soluzione di continuit\u00e0 &#8211; \u00e8 riportata in corrispondenza di ciascuna notazione del registro<\/p>\n<p><!-- \/wp:paragraph --><\/p>\n<p><!-- wp:paragraph --><\/p>\n<p>I <strong>termini del procedimento amministrativo<\/strong> decorrono dalla data in cui \u00e8 stata effettuata la protocollazione sul registro di emergenza<\/p>\n<p><!-- \/wp:paragraph --><\/p>\n\t\t\t\t<\/div>\n\t\t\t<\/div>\n\t\t<\/div>\n\t\t<\/div>\n<\/div>\n<\/div>","protected":false},"excerpt":{"rendered":"<p>Nel caso in cui, per cause eccezionali e strordinarie, non sia possibile avvalersi del sistema informatico di gestione documentale per espletare le ordinarie attivit\u00e0 di &#8230; <\/p>\n","protected":false},"author":1,"featured_media":0,"parent":689,"menu_order":33,"comment_status":"closed","ping_status":"closed","template":"page-fullwidth.php","meta":{"footnotes":""},"class_list":["post-1235","page","type-page","status-publish","hentry"],"_links":{"self":[{"href":"https:\/\/manualegd.comune.sangiulianoterme.pisa.it\/index.php?rest_route=\/wp\/v2\/pages\/1235","targetHints":{"allow":["GET"]}}],"collection":[{"href":"https:\/\/manualegd.comune.sangiulianoterme.pisa.it\/index.php?rest_route=\/wp\/v2\/pages"}],"about":[{"href":"https:\/\/manualegd.comune.sangiulianoterme.pisa.it\/index.php?rest_route=\/wp\/v2\/types\/page"}],"author":[{"embeddable":true,"href":"https:\/\/manualegd.comune.sangiulianoterme.pisa.it\/index.php?rest_route=\/wp\/v2\/users\/1"}],"replies":[{"embeddable":true,"href":"https:\/\/manualegd.comune.sangiulianoterme.pisa.it\/index.php?rest_route=%2Fwp%2Fv2%2Fcomments&post=1235"}],"version-history":[{"count":0,"href":"https:\/\/manualegd.comune.sangiulianoterme.pisa.it\/index.php?rest_route=\/wp\/v2\/pages\/1235\/revisions"}],"up":[{"embeddable":true,"href":"https:\/\/manualegd.comune.sangiulianoterme.pisa.it\/index.php?rest_route=\/wp\/v2\/pages\/689"}],"wp:attachment":[{"href":"https:\/\/manualegd.comune.sangiulianoterme.pisa.it\/index.php?rest_route=%2Fwp%2Fv2%2Fmedia&parent=1235"}],"curies":[{"name":"wp","href":"https:\/\/api.w.org\/{rel}","templated":true}]}}