{"id":1221,"date":"2022-05-30T12:23:45","date_gmt":"2022-05-30T10:23:45","guid":{"rendered":"https:\/\/ridice.eu\/?page_id=1221"},"modified":"2023-05-02T12:20:46","modified_gmt":"2023-05-02T10:20:46","slug":"annullamento-e-modifica-delle-registrazioni-di-protocollo","status":"publish","type":"page","link":"https:\/\/manualegd.comune.sangiulianoterme.pisa.it\/?page_id=1221","title":{"rendered":"Annullamento e modifica"},"content":{"rendered":"\n<p>La necessit\u00e0 di correggere anche un solo <a href=\"https:\/\/manualegd.comune.sangiulianoterme.pisa.it\/?page_id=628\" data-type=\"URL\">dato non modificabile<\/a> comporta l\u2019<strong>obbligo<\/strong> di annullare l\u2019intera registrazione di protocollo <sup>(<a rel=\"noreferrer noopener\" href=\"http:\/\/www.normattiva.it\/uri-res\/N2Ls?urn:nir:stato:2000-12-28;445~art54\" data-type=\"URL\" data-id=\"http:\/\/www.normattiva.it\/uri-res\/N2Ls?urn:nir:stato:2000-12-28;445~art54\" target=\"_blank\">1<\/a>)<\/sup>. L&#8217;annullamento pu\u00f2 essere disposto anche nel caso in cui sia venuta meno l&#8217;utilit\u00e0 del documento stesso, purch\u00e9 esso non sia gi\u00e0 stato oggetto di diffusione<\/p>\n\n\n\n<p>Le uniche <a href=\"https:\/\/manualegd.comune.sangiulianoterme.pisa.it\/?page_id=628\" data-type=\"URL\" target=\"_blank\" rel=\"noreferrer noopener\">informazioni modificabili<\/a> sono l&#8217;assegnazione interna e la <a href=\"https:\/\/manualegd.comune.sangiulianoterme.pisa.it\/?page_id=702\" data-type=\"URL\" target=\"_blank\" rel=\"noreferrer noopener\">classificazione<\/a><\/p>\n\n\n<div\n\t\t\t\n\t\t\tclass=\"so-widget-sow-accordion so-widget-sow-accordion-default-0cbe2f692174\"\n\t\t\t\n\t\t><div>\n\t<div class=\"sow-accordion\">\n\t\t\t<div class=\"sow-accordion-panel\n\t\t\t\t\t\"\n\t\t\t\tdata-anchor-id=\"procedura-di-annullamento\">\n\t\t\t\t\t<div class=\"sow-accordion-panel-header-container\" role=\"heading\" aria-level=\"2\">\n\t\t\t\t\t<div class=\"sow-accordion-panel-header\" tabindex=\"0\" role=\"button\" id=\"accordion-label-procedura-di-annullamento\" aria-controls=\"accordion-content-procedura-di-annullamento\" aria-expanded=\"false\">\n\t\t\t\t\t\t<div class=\"sow-accordion-title sow-accordion-title-icon-left\">\n\t\t\t\t\t\t\t\t\t\t\t\t\t\tProcedura di annullamento\t\t\t\t\t\t\t\t\t\t\t\t\t<\/div>\n\t\t\t\t\t\t<div class=\"sow-accordion-open-close-button\">\n\t\t\t\t\t\t\t<div class=\"sow-accordion-open-button\">\n\t\t\t\t\t\t\t\t<span class=\"sow-icon-ionicons\" data-sow-icon=\"&#xf218;\"\n\t\t \n\t\taria-hidden=\"true\"><\/span>\t\t\t\t\t\t\t<\/div>\n\t\t\t\t\t\t\t<div class=\"sow-accordion-close-button\">\n\t\t\t\t\t\t\t\t<span class=\"sow-icon-ionicons\" data-sow-icon=\"&#xf209;\"\n\t\t \n\t\taria-hidden=\"true\"><\/span>\t\t\t\t\t\t\t<\/div>\n\t\t\t\t\t\t<\/div>\n\t\t\t\t\t<\/div>\n\t\t\t\t<\/div>\n\n\t\t\t<div\n\t\t\t\tclass=\"sow-accordion-panel-content\"\n\t\t\t\trole=\"region\"\n\t\t\t\taria-labelledby=\"accordion-label-procedura-di-annullamento\"\n\t\t\t\tid=\"accordion-content-procedura-di-annullamento\"\n\t\t\t\tstyle=\"display: none;\"\t\t\t>\n\t\t\t\t<div class=\"sow-accordion-panel-border\">\n\t\t\t\t\t<p><!-- wp:paragraph --><\/p>\n<p>In caso di annullamento, le informazioni relative alla registrazione annullata sono immodificabili.<br \/>Esse rimangono memorizzate nel registro informatico del protocollo cos\u00ec da restare disponibili alle elaborazioni contemplate dalla procedura, nonch\u00e9 alla visualizzazione e stampa<\/p>\n<p><!-- \/wp:paragraph --><\/p>\n<p><!-- wp:paragraph --><\/p>\n<p>Al fine di garantire il tracciamento e la storicizzazione di ogni operazione, esse comprendono:<\/p>\n<p><!-- \/wp:paragraph --><\/p>\n<p><!-- wp:list --><\/p>\n<ul>\n<li>l&#8217;indicazione della data, dell\u2019ora e dell\u2019autore dell\u2019annullamento<\/li>\n<li>la richiesta di annullamento, adeguatamente motivata<\/li>\n<li>gli estremi dell\u2019autorizzazione all\u2019annullamento rilasciata dal responsabile del servizio protocollo<\/li>\n<\/ul>\n<p><!-- \/wp:list --><\/p>\n<p><!-- wp:paragraph --><\/p>\n<p>In tale ipotesi la procedura riporta la dicitura \u201cannullato\u201d in posizione visibile e tale da consentire la lettura di tutte le informazioni originarie unitamente alla data, all&#8217;identificativo dell&#8217;operatore ed agli estremi del provvedimento d&#8217;autorizzazione<\/p>\n<p><!-- \/wp:paragraph --><\/p>\n<p><!-- wp:paragraph --><\/p>\n<p>Solo il responsabile del servizio protocollo \u00e8 autorizzato ad annullare, ovvero a disporre l&#8217;annullamento delle registrazioni di protocollo, su richiesta dell&#8217;operatore, inoltrata tramite il sistema di gestione documentale<\/p>\n<p><!-- \/wp:paragraph --><\/p>\n<p><!-- wp:paragraph --><\/p>\n<p>Nel caso in cui l&#8217;annullamento interessi un <strong><a href=\"https:\/\/manualegd.comune.sangiulianoterme.pisa.it\/?page_id=829\" target=\"_blank\" rel=\"noreferrer noopener\" data-type=\"URL\" data-id=\"https:\/\/ridice.eu\/?page_id=829\">documento in arrivo<\/a><\/strong>, il responsabile della UOR che ha disposto l&#8217;annullamento \u00e8 tenuto a informare per scritto il mittente dello stesso dell&#8217;avvenuto annullamento e delle ragioni che lo hanno causato<\/p>\n<p><!-- \/wp:paragraph --><\/p>\n<p><!-- wp:paragraph --><\/p>\n<p>Non \u00e8 mai possibile, viceversa, annullare la registrazione di un <strong><a href=\"https:\/\/manualegd.comune.sangiulianoterme.pisa.it\/?page_id=833\" target=\"_blank\" rel=\"noreferrer noopener\" data-type=\"URL\" data-id=\"https:\/\/ridice.eu\/?page_id=833\">documento in partenza<\/a><\/strong>, trasmesso al destinatario. Nel caso in cui ci\u00f2 sia necessario, \u00e8 indispensabile trasmettere, unitamente al documento oggetto della nuova, corretta registrazione, il riferimento alla registrazione annullata ed ai motivi che hanno determinato l&#8217;annullamento della prima operazione<\/p>\n<p><!-- \/wp:paragraph --><\/p>\n\t\t\t\t<\/div>\n\t\t\t<\/div>\n\t\t<\/div>\n\t\t<\/div>\n<\/div>\n<\/div>\n\n\n<div style=\"height:100px\" aria-hidden=\"true\" class=\"wp-block-spacer\"><\/div>\n\n\n<div\n\t\t\t\n\t\t\tclass=\"so-widget-sow-accordion so-widget-sow-accordion-default-0cbe2f692174\"\n\t\t\t\n\t\t><div>\n\t<div class=\"sow-accordion\">\n\t\t\t<div class=\"sow-accordion-panel\n\t\t\t\t\t\"\n\t\t\t\tdata-anchor-id=\"riferimenti-normativi\">\n\t\t\t\t\t<div class=\"sow-accordion-panel-header-container\" role=\"heading\" aria-level=\"2\">\n\t\t\t\t\t<div class=\"sow-accordion-panel-header\" tabindex=\"0\" role=\"button\" id=\"accordion-label-riferimenti-normativi\" aria-controls=\"accordion-content-riferimenti-normativi\" aria-expanded=\"false\">\n\t\t\t\t\t\t<div class=\"sow-accordion-title sow-accordion-title-icon-left\">\n\t\t\t\t\t\t\t\t\t\t\t\t\t\tRiferimenti normativi\t\t\t\t\t\t\t\t\t\t\t\t\t<\/div>\n\t\t\t\t\t\t<div class=\"sow-accordion-open-close-button\">\n\t\t\t\t\t\t\t<div class=\"sow-accordion-open-button\">\n\t\t\t\t\t\t\t\t<span class=\"sow-icon-ionicons\" data-sow-icon=\"&#xf218;\"\n\t\t \n\t\taria-hidden=\"true\"><\/span>\t\t\t\t\t\t\t<\/div>\n\t\t\t\t\t\t\t<div class=\"sow-accordion-close-button\">\n\t\t\t\t\t\t\t\t<span class=\"sow-icon-ionicons\" data-sow-icon=\"&#xf209;\"\n\t\t \n\t\taria-hidden=\"true\"><\/span>\t\t\t\t\t\t\t<\/div>\n\t\t\t\t\t\t<\/div>\n\t\t\t\t\t<\/div>\n\t\t\t\t<\/div>\n\n\t\t\t<div\n\t\t\t\tclass=\"sow-accordion-panel-content\"\n\t\t\t\trole=\"region\"\n\t\t\t\taria-labelledby=\"accordion-label-riferimenti-normativi\"\n\t\t\t\tid=\"accordion-content-riferimenti-normativi\"\n\t\t\t\tstyle=\"display: none;\"\t\t\t>\n\t\t\t\t<div class=\"sow-accordion-panel-border\">\n\t\t\t\t\t<p>(1) <a href=\"http:\/\/www.normattiva.it\/uri-res\/N2Ls?urn:nir:stato:2000-12-28;445~art54\" target=\"_blank\" rel=\"noopener\">art. 54 del DECRETO DEL PRESIDENTE DELLA REPUBBLICA 28 dicembre 2000, n. 445<\/a><\/p>\n\t\t\t\t<\/div>\n\t\t\t<\/div>\n\t\t<\/div>\n\t\t<\/div>\n<\/div>\n<\/div>","protected":false},"excerpt":{"rendered":"<p>La necessit\u00e0 di correggere anche un solo dato non modificabile comporta l\u2019obbligo di annullare l\u2019intera registrazione di protocollo (1). L&#8217;annullamento pu\u00f2 essere disposto anche nel &#8230; <\/p>\n","protected":false},"author":1,"featured_media":0,"parent":532,"menu_order":30,"comment_status":"closed","ping_status":"closed","template":"page-fullwidth.php","meta":{"footnotes":""},"class_list":["post-1221","page","type-page","status-publish","hentry"],"_links":{"self":[{"href":"https:\/\/manualegd.comune.sangiulianoterme.pisa.it\/index.php?rest_route=\/wp\/v2\/pages\/1221","targetHints":{"allow":["GET"]}}],"collection":[{"href":"https:\/\/manualegd.comune.sangiulianoterme.pisa.it\/index.php?rest_route=\/wp\/v2\/pages"}],"about":[{"href":"https:\/\/manualegd.comune.sangiulianoterme.pisa.it\/index.php?rest_route=\/wp\/v2\/types\/page"}],"author":[{"embeddable":true,"href":"https:\/\/manualegd.comune.sangiulianoterme.pisa.it\/index.php?rest_route=\/wp\/v2\/users\/1"}],"replies":[{"embeddable":true,"href":"https:\/\/manualegd.comune.sangiulianoterme.pisa.it\/index.php?rest_route=%2Fwp%2Fv2%2Fcomments&post=1221"}],"version-history":[{"count":0,"href":"https:\/\/manualegd.comune.sangiulianoterme.pisa.it\/index.php?rest_route=\/wp\/v2\/pages\/1221\/revisions"}],"up":[{"embeddable":true,"href":"https:\/\/manualegd.comune.sangiulianoterme.pisa.it\/index.php?rest_route=\/wp\/v2\/pages\/532"}],"wp:attachment":[{"href":"https:\/\/manualegd.comune.sangiulianoterme.pisa.it\/index.php?rest_route=%2Fwp%2Fv2%2Fmedia&parent=1221"}],"curies":[{"name":"wp","href":"https:\/\/api.w.org\/{rel}","templated":true}]}}