{"id":122,"date":"2022-03-11T14:14:40","date_gmt":"2022-03-11T13:14:40","guid":{"rendered":"https:\/\/ridice.eu\/?page_id=122"},"modified":"2023-05-02T11:36:27","modified_gmt":"2023-05-02T09:36:27","slug":"area-organizzativa-omogenea-e-accreditamento","status":"publish","type":"page","link":"https:\/\/manualegd.comune.sangiulianoterme.pisa.it\/?page_id=122","title":{"rendered":"AOO e accreditamento IPA"},"content":{"rendered":"\n<p>L\u2019Area Organizzativa Omogenea (AOO) <sup>(<a href=\"http:\/\/www.normattiva.it\/uri-res\/N2Ls?urn:nir:stato:2000-12-28;445~art50\" data-type=\"URL\" data-id=\"http:\/\/www.normattiva.it\/uri-res\/N2Ls?urn:nir:stato:2000-12-28;445~art50\" target=\"_blank\" rel=\"noreferrer noopener\">1<\/a>)<\/sup> \u00e8 un insieme di risorse umane e strumentali, dotate di propri organi di governo e di gestione, che adempie funzioni primarie <sup>(<a href=\"http:\/\/www.normattiva.it\/uri-res\/N2Ls?urn:nir:stato:2000-12-28;445~art61\" data-type=\"URL\" data-id=\"http:\/\/www.normattiva.it\/uri-res\/N2Ls?urn:nir:stato:2000-12-28;445~art61\" target=\"_blank\" rel=\"noreferrer noopener\">2<\/a>)<\/sup><\/p>\n\n\n\n<p>Il Comune di San Giuliano Terme costituisce un&#8217;unica AOO<\/p>\n\n\n\n<p>L\u2019Unit\u00e0 Organizzativa Responsabile (UOR) \u00e8 un sottoinsieme di una AOO, ossia un complesso di risorse umane e strumentali cui \u00e8 affidata una competenza omogenea <sup>(<a href=\"http:\/\/www.normattiva.it\/uri-res\/N2Ls?urn:nir:stato:1990-08-07;241~art4\" data-type=\"URL\" data-id=\"http:\/\/www.normattiva.it\/uri-res\/N2Ls?urn:nir:stato:1990-08-07;241~art4\" target=\"_blank\" rel=\"noreferrer noopener\">3<\/a>)<\/sup>, nell&#8217;ambito della quale i dipendenti assumono precise responsabilit\u00e0 nella trattazione di affari, attivit\u00e0 o procedimenti amministrativi<sup> (<a href=\"http:\/\/www.normattiva.it\/uri-res\/N2Ls?urn:nir:stato:1990-08-07;241~art5\" data-type=\"URL\" data-id=\"http:\/\/www.normattiva.it\/uri-res\/N2Ls?urn:nir:stato:1990-08-07;241~art5\" target=\"_blank\" rel=\"noreferrer noopener\">4<\/a>)<\/sup><\/p>\n\n\n\n<p>Le UOR operanti nell&#8217;ambito della AOO sono dettagliatamente illustrate nella pagina relativa all&#8217;allegato &#8220;<a href=\"https:\/\/manualegd.comune.sangiulianoterme.pisa.it\/?page_id=817\" data-type=\"URL\" target=\"_blank\" rel=\"noreferrer noopener\">Organigramma e abilitazioni all\u2019accesso al SdGD<\/a>&#8220;, con indicazione del personale in dotazione alle stesse, cui sono riconducibili specifiche competenze in ordine alla gestione documentale.<\/p>\n\n\n\n<p>Il <a href=\"https:\/\/manualegd.comune.sangiulianoterme.pisa.it\/?page_id=120\" data-type=\"URL\" target=\"_blank\" rel=\"noreferrer noopener\">Referente IPA<\/a> &#8211; Indice della Pubbliche Amministrazioni si occupa del costante aggiornamento dei <a rel=\"noreferrer noopener\" href=\"https:\/\/indicepa.gov.it\/ipa-portale\/consultazione\/domicilio-digitale\/ricerca-area-organizzativa-omogenea\/scheda-area-organizzativa-omogenea\/AE57CF1\" data-type=\"URL\" data-id=\"https:\/\/indicepa.gov.it\/ipa-portale\/consultazione\/domicilio-digitale\/ricerca-area-organizzativa-omogenea\/scheda-area-organizzativa-omogenea\/AE57CF1\" target=\"_blank\">dati relativi alla AOO<\/a>, presenti sulla piattaforma. <\/p>\n\n\n\n<div style=\"height:100px\" aria-hidden=\"true\" class=\"wp-block-spacer\"><\/div>\n\n\n<div\n\t\t\t\n\t\t\tclass=\"so-widget-sow-accordion so-widget-sow-accordion-default-0cbe2f692174\"\n\t\t\t\n\t\t><div>\n\t<div class=\"sow-accordion\">\n\t\t\t<div class=\"sow-accordion-panel\n\t\t\t\t\t\"\n\t\t\t\tdata-anchor-id=\"riferimenti-normativi\">\n\t\t\t\t\t<div class=\"sow-accordion-panel-header-container\" role=\"heading\" aria-level=\"2\">\n\t\t\t\t\t<div class=\"sow-accordion-panel-header\" tabindex=\"0\" role=\"button\" id=\"accordion-label-riferimenti-normativi\" aria-controls=\"accordion-content-riferimenti-normativi\" aria-expanded=\"false\">\n\t\t\t\t\t\t<div class=\"sow-accordion-title sow-accordion-title-icon-left\">\n\t\t\t\t\t\t\t\t\t\t\t\t\t\tRiferimenti normativi\t\t\t\t\t\t\t\t\t\t\t\t\t<\/div>\n\t\t\t\t\t\t<div class=\"sow-accordion-open-close-button\">\n\t\t\t\t\t\t\t<div class=\"sow-accordion-open-button\">\n\t\t\t\t\t\t\t\t<span class=\"sow-icon-ionicons\" data-sow-icon=\"&#xf218;\"\n\t\t \n\t\taria-hidden=\"true\"><\/span>\t\t\t\t\t\t\t<\/div>\n\t\t\t\t\t\t\t<div class=\"sow-accordion-close-button\">\n\t\t\t\t\t\t\t\t<span class=\"sow-icon-ionicons\" data-sow-icon=\"&#xf209;\"\n\t\t \n\t\taria-hidden=\"true\"><\/span>\t\t\t\t\t\t\t<\/div>\n\t\t\t\t\t\t<\/div>\n\t\t\t\t\t<\/div>\n\t\t\t\t<\/div>\n\n\t\t\t<div\n\t\t\t\tclass=\"sow-accordion-panel-content\"\n\t\t\t\trole=\"region\"\n\t\t\t\taria-labelledby=\"accordion-label-riferimenti-normativi\"\n\t\t\t\tid=\"accordion-content-riferimenti-normativi\"\n\t\t\t\tstyle=\"display: none;\"\t\t\t>\n\t\t\t\t<div class=\"sow-accordion-panel-border\">\n\t\t\t\t\t<p>(1) <a href=\"http:\/\/www.normattiva.it\/uri-res\/N2Ls?urn:nir:stato:2000-12-28;445~art50\" target=\"_blank\" rel=\"noopener\">art. 50, comma 4, del DECRETO DEL PRESIDENTE DELLA REPUBBLICA\u00a028 dicembre 2000, n. 445<\/a><\/p>\n<p>(2) <a href=\"http:\/\/www.normattiva.it\/uri-res\/N2Ls?urn:nir:stato:2000-12-28;445~art61\" target=\"_blank\" rel=\"noopener\">art. 61, comma 3, del DECRETO DEL PRESIDENTE DELLA REPUBBLICA 28 dicembre 2000, n. 445<\/a><\/p>\n<p>(3) <a href=\"http:\/\/www.normattiva.it\/uri-res\/N2Ls?urn:nir:stato:1990-08-07;241~art4\" target=\"_blank\" rel=\"noopener\">art. 4 della LEGGE\u00a07 agosto 1990, n. 241<\/a><\/p>\n<p>(4) <a href=\"http:\/\/www.normattiva.it\/uri-res\/N2Ls?urn:nir:stato:1990-08-07;241~art5\" target=\"_blank\" rel=\"noopener\">art. 5 della LEGGE 7 agosto 1990, n. 241<\/a><\/p>\n\t\t\t\t<\/div>\n\t\t\t<\/div>\n\t\t<\/div>\n\t\t<\/div>\n<\/div>\n<\/div>","protected":false},"excerpt":{"rendered":"<p>L\u2019Area Organizzativa Omogenea (AOO) (1) \u00e8 un insieme di risorse umane e strumentali, dotate di propri organi di governo e di gestione, che adempie funzioni &#8230; <\/p>\n","protected":false},"author":1,"featured_media":0,"parent":43,"menu_order":3,"comment_status":"closed","ping_status":"closed","template":"page-fullwidth.php","meta":{"footnotes":""},"class_list":["post-122","page","type-page","status-publish","hentry"],"_links":{"self":[{"href":"https:\/\/manualegd.comune.sangiulianoterme.pisa.it\/index.php?rest_route=\/wp\/v2\/pages\/122","targetHints":{"allow":["GET"]}}],"collection":[{"href":"https:\/\/manualegd.comune.sangiulianoterme.pisa.it\/index.php?rest_route=\/wp\/v2\/pages"}],"about":[{"href":"https:\/\/manualegd.comune.sangiulianoterme.pisa.it\/index.php?rest_route=\/wp\/v2\/types\/page"}],"author":[{"embeddable":true,"href":"https:\/\/manualegd.comune.sangiulianoterme.pisa.it\/index.php?rest_route=\/wp\/v2\/users\/1"}],"replies":[{"embeddable":true,"href":"https:\/\/manualegd.comune.sangiulianoterme.pisa.it\/index.php?rest_route=%2Fwp%2Fv2%2Fcomments&post=122"}],"version-history":[{"count":0,"href":"https:\/\/manualegd.comune.sangiulianoterme.pisa.it\/index.php?rest_route=\/wp\/v2\/pages\/122\/revisions"}],"up":[{"embeddable":true,"href":"https:\/\/manualegd.comune.sangiulianoterme.pisa.it\/index.php?rest_route=\/wp\/v2\/pages\/43"}],"wp:attachment":[{"href":"https:\/\/manualegd.comune.sangiulianoterme.pisa.it\/index.php?rest_route=%2Fwp%2Fv2%2Fmedia&parent=122"}],"curies":[{"name":"wp","href":"https:\/\/api.w.org\/{rel}","templated":true}]}}