{"id":110,"date":"2022-03-11T13:48:14","date_gmt":"2022-03-11T12:48:14","guid":{"rendered":"https:\/\/ridice.eu\/?page_id=110"},"modified":"2023-05-02T13:02:57","modified_gmt":"2023-05-02T11:02:57","slug":"sicurezza","status":"publish","type":"page","link":"https:\/\/manualegd.comune.sangiulianoterme.pisa.it\/?page_id=110","title":{"rendered":"Conservazione e sicurezza"},"content":{"rendered":"\n<p>La conservazione \u00e8 l&#8217;attivit\u00e0 volta a <strong>garantire<\/strong> nel tempo autenticit\u00e0, integrit\u00e0, affidabilit\u00e0, leggibilit\u00e0 e reperibilit\u00e0 dei documenti, delle aggregazioni documentali e degli archivi della AOO<sup> (<a rel=\"noreferrer noopener\" href=\"https:\/\/www.gazzettaufficiale.it\/atto\/serie_generale\/caricaArticolo?art.versione=5&amp;art.idGruppo=8&amp;art.flagTipoArticolo=0&amp;art.codiceRedazionale=005G0104&amp;art.idArticolo=44&amp;art.idSottoArticolo=1&amp;art.idSottoArticolo1=10&amp;art.dataPubblicazioneGazzetta=2005-05-16&amp;art.progressivo=0#art\" data-type=\"URL\" data-id=\"https:\/\/www.gazzettaufficiale.it\/atto\/serie_generale\/caricaArticolo?art.versione=5&amp;art.idGruppo=8&amp;art.flagTipoArticolo=0&amp;art.codiceRedazionale=005G0104&amp;art.idArticolo=44&amp;art.idSottoArticolo=1&amp;art.idSottoArticolo1=10&amp;art.dataPubblicazioneGazzetta=2005-05-16&amp;art.progressivo=0#art\" target=\"_blank\">1<\/a>)<\/sup><\/p>\n\n\n\n<p>I <strong>documenti informatici<\/strong> di cui \u00e8 prescritta la conservazione per legge o regolamento <strong>possono <\/strong>essere archiviati per le esigenze correnti anche con modalit\u00e0 cartacee e <strong>sono<\/strong> conservati in modo permanente con modalit\u00e0 digitali <sup>(<a rel=\"noreferrer noopener\" href=\"http:\/\/www.normattiva.it\/uri-res\/N2Ls?urn:nir:stato:2005-03-07;82~art43\" data-type=\"URL\" data-id=\"http:\/\/www.normattiva.it\/uri-res\/N2Ls?urn:nir:stato:2005-03-07;82~art43\" target=\"_blank\">1.1<\/a>)<\/sup><\/p>\n\n\n\n<div style=\"height:20px\" aria-hidden=\"true\" class=\"wp-block-spacer\"><\/div>\n\n\n\n<h3 class=\"wp-block-heading\">L&#8217;archivio<\/h3>\n\n\n\n<p>Culmine dell&#8217;attivit\u00e0 di conservazione \u00e8 la formazione dell&#8217;<strong>archivio<\/strong>, ossia la costituzione dell&#8217;insieme dei documenti &#8211; informatici e analogici &#8211; prodotti o ricevuti dall&#8217;AOO nel corso della propria attivit\u00e0, caratterizzati da un connaturato <strong>vincolo di destinazione comune<\/strong> e destinati ad essere conservati nella loro organicit\u00e0 <sup>(<a rel=\"noreferrer noopener\" href=\"https:\/\/www.gazzettaufficiale.it\/atto\/serie_generale\/caricaArticolo?art.versione=1&amp;art.idGruppo=4&amp;art.flagTipoArticolo=1&amp;art.codiceRedazionale=099G0542&amp;art.idArticolo=21&amp;art.idSottoArticolo=1&amp;art.idSottoArticolo1=10&amp;art.dataPubblicazioneGazzetta=1999-12-27&amp;art.progressivo=0#art\" data-type=\"URL\" data-id=\"https:\/\/www.gazzettaufficiale.it\/atto\/serie_generale\/caricaArticolo?art.versione=1&amp;art.idGruppo=4&amp;art.flagTipoArticolo=1&amp;art.codiceRedazionale=099G0542&amp;art.idArticolo=21&amp;art.idSottoArticolo=1&amp;art.idSottoArticolo1=10&amp;art.dataPubblicazioneGazzetta=1999-12-27&amp;art.progressivo=0#art\" target=\"_blank\">2<\/a>)<\/sup><\/p>\n\n\n\n<p>E&#8217; comunque utile ricordare che, malgrado la peculiarit\u00e0 della tipologia di supporto documentale comporti necessariamente la diversificazione delle attivit\u00e0 e delle procedure di gestione, la <strong>funzione logico-concettuale<\/strong> dell&#8217;archivio rimane comunque una e univoca<\/p>\n\n\n\n<div style=\"height:20px\" aria-hidden=\"true\" class=\"wp-block-spacer\"><\/div>\n\n\n\n<h3 class=\"wp-block-heading\">Fasi dell&#8217;archiviazione<\/h3>\n\n\n\n<p>La conservazione documentale ha inizio fin dalla fase di <strong><a href=\"https:\/\/manualegd.comune.sangiulianoterme.pisa.it\/?page_id=333\" data-type=\"URL\" data-id=\"https:\/\/ridice.eu\/?page_id=333\" target=\"_blank\" rel=\"noreferrer noopener\">formazione<\/a><\/strong> del documento e ne costituisce l&#8217;esito imprescindibile. <br>Il <a href=\"https:\/\/manualegd.comune.sangiulianoterme.pisa.it\/?page_id=415\" data-type=\"URL\" data-id=\"https:\/\/ridice.eu\/?page_id=415\" target=\"_blank\" rel=\"noreferrer noopener\">documento<\/a> &#8211; ossia ci\u00f2 che &#8220;insegna o dimostra&#8221;, secondo la radice latina <em>docere<\/em> &#8211;  \u00e8 infatti l&#8217;oggetto la cui precisa funzione \u00e8 quella di conservare nel tempo la piena capacit\u00e0 di testimoniare atti o fatti giuridicamente rilevanti. <strong>Il documento, quindi, appartiene all&#8217;archivio fin dalla sua formazione<\/strong><\/p>\n\n\n\n<p>Tuttavia, l&#8217;archivio &#8211; inteso come <em>unicum<\/em>, come complesso e insieme organico &#8211; \u00e8 articolato, secondo un criterio <strong>logico-funzionale<\/strong>, in <strong>tre sezioni<\/strong> corrispondenti ad <strong>altrettante<\/strong> <strong>fasi<\/strong> del processo di archiviazione. Pertanto, la formazione di un documento \u00e8 il punto d&#8217;inizio di un percorso che si sviluppa nel tempo e che porta, quale esito finale, alla sua conservazione permanente o, viceversa, alla sua pi\u00f9 o meno precoce <a href=\"https:\/\/manualegd.comune.sangiulianoterme.pisa.it\/?page_id=1254\" data-type=\"URL\" data-id=\"https:\/\/ridice.eu\/?page_id=1254\" target=\"_blank\" rel=\"noreferrer noopener\">distruzione<\/a><\/p>\n\n\n\n<div style=\"height:20px\" aria-hidden=\"true\" class=\"wp-block-spacer\"><\/div>\n\n\n<div\n\t\t\t\n\t\t\tclass=\"so-widget-sow-accordion so-widget-sow-accordion-default-0cbe2f692174\"\n\t\t\t\n\t\t><div>\n\t<div class=\"sow-accordion\">\n\t\t\t<div class=\"sow-accordion-panel\n\t\t\t\t\t\"\n\t\t\t\tdata-anchor-id=\"archivio-corrente\">\n\t\t\t\t\t<div class=\"sow-accordion-panel-header-container\" role=\"heading\" aria-level=\"2\">\n\t\t\t\t\t<div class=\"sow-accordion-panel-header\" tabindex=\"0\" role=\"button\" id=\"accordion-label-archivio-corrente\" aria-controls=\"accordion-content-archivio-corrente\" aria-expanded=\"false\">\n\t\t\t\t\t\t<div class=\"sow-accordion-title sow-accordion-title-icon-left\">\n\t\t\t\t\t\t\t\t\t\t\t\t\t\tArchivio corrente\t\t\t\t\t\t\t\t\t\t\t\t\t<\/div>\n\t\t\t\t\t\t<div class=\"sow-accordion-open-close-button\">\n\t\t\t\t\t\t\t<div class=\"sow-accordion-open-button\">\n\t\t\t\t\t\t\t\t<span class=\"sow-icon-ionicons\" data-sow-icon=\"&#xf218;\"\n\t\t \n\t\taria-hidden=\"true\"><\/span>\t\t\t\t\t\t\t<\/div>\n\t\t\t\t\t\t\t<div class=\"sow-accordion-close-button\">\n\t\t\t\t\t\t\t\t<span class=\"sow-icon-ionicons\" data-sow-icon=\"&#xf209;\"\n\t\t \n\t\taria-hidden=\"true\"><\/span>\t\t\t\t\t\t\t<\/div>\n\t\t\t\t\t\t<\/div>\n\t\t\t\t\t<\/div>\n\t\t\t\t<\/div>\n\n\t\t\t<div\n\t\t\t\tclass=\"sow-accordion-panel-content\"\n\t\t\t\trole=\"region\"\n\t\t\t\taria-labelledby=\"accordion-label-archivio-corrente\"\n\t\t\t\tid=\"accordion-content-archivio-corrente\"\n\t\t\t\tstyle=\"display: none;\"\t\t\t>\n\t\t\t\t<div class=\"sow-accordion-panel-border\">\n\t\t\t\t\t<p>L&#8217;<strong><a href=\"https:\/\/manualegd.comune.sangiulianoterme.pisa.it\/?page_id=1190\" target=\"_blank\" rel=\"noreferrer noopener\" data-type=\"URL\" data-id=\"https:\/\/ridice.eu\/?page_id=1190\">archivio corrente<\/a><\/strong> \u00e8 costituito dall&#8217;insieme dei documenti relativi alle attivit\u00e0, agli affari ed ai procedimenti in corso o comunque oggetto d&#8217;interesse attuale. La corretta gestione dell&#8217;archivio corrente presuppone un&#8217;efficiente organizzazione delle procedure di formazione, gestione e consultazione documentale, indifferente alla tipologia di supporto utilizzata. <br \/>La <strong>responsabilit\u00e0<\/strong> di tale complesso di attivit\u00e0 ricade sul responsabile del procedimento nel cui contesto la documentazione \u00e8 prodotta o acquisita<\/p>\n<p>Le procedure e gli strumenti che concorrono a formare l&#8217;archivio corrente ed a definirne il profilo funzionale sono:<\/p>\n<ul>\n<li>la <a href=\"https:\/\/manualegd.comune.sangiulianoterme.pisa.it\/?page_id=628\" target=\"_blank\" rel=\"noopener\">registrazione e segnatura di protocollo:<\/a> operazioni necessarie e sufficienti per la stessa tenuta del sistema di gestione informatica dei documenti, cos\u00ec come risultanti dal <a href=\"https:\/\/manualegd.comune.sangiulianoterme.pisa.it\/?page_id=689\" target=\"_blank\" rel=\"noopener\">registro di protocollo<\/a>\u00a0quale atto pubblico di fede privilegiata<\/li>\n<li>la <a href=\"https:\/\/manualegd.comune.sangiulianoterme.pisa.it\/?page_id=702\" target=\"_blank\" rel=\"noopener\">classificazione<\/a> effettuata alla luce del <a href=\"https:\/\/manualegd.comune.sangiulianoterme.pisa.it\/?page_id=158\" target=\"_blank\" rel=\"noopener\">titolario di classificazione<\/a>, nonch\u00e9 la successiva <a href=\"https:\/\/manualegd.comune.sangiulianoterme.pisa.it\/?page_id=771\" target=\"_blank\" rel=\"noopener\">fascicolazione<\/a> obbligatoria<\/li>\n<li>il <a href=\"https:\/\/manualegd.comune.sangiulianoterme.pisa.it\/?page_id=777#repertorio\" target=\"_blank\" rel=\"noopener\">repertorio dei fascicoli:<\/a> strumento di gestione e reperimento dei fascicoli organizzato ed aggiornato in relazione alla struttura del Titolario di classificazione<\/li>\n<li>il <a href=\"https:\/\/manualegd.comune.sangiulianoterme.pisa.it\/?page_id=1254\" target=\"_blank\" rel=\"noopener\">massimario di selezione e scarto<\/a>: strumento volto a fornire i criteri di cernita ed i termini di conservazione della documentazione<\/li>\n<\/ul>\n<p>L&#8217;archivio corrente \u00e8 composto sia dei documenti digitali, sia dei documenti analogici, acquisiti e\/o prodotti dalla AOO nel corso della propria attivit\u00e0. La tipologia documentale determina la modalit\u00e0 di gestione degli archivi e le attivit\u00e0 di trasferimento al sistema di conservazione documentale<\/p>\n\t\t\t\t<\/div>\n\t\t\t<\/div>\n\t\t<\/div>\n\t\t\t<div class=\"sow-accordion-panel\n\t\t\t\t\t\"\n\t\t\t\tdata-anchor-id=\"archivio-di-deposito\">\n\t\t\t\t\t<div class=\"sow-accordion-panel-header-container\" role=\"heading\" aria-level=\"2\">\n\t\t\t\t\t<div class=\"sow-accordion-panel-header\" tabindex=\"0\" role=\"button\" id=\"accordion-label-archivio-di-deposito\" aria-controls=\"accordion-content-archivio-di-deposito\" aria-expanded=\"false\">\n\t\t\t\t\t\t<div class=\"sow-accordion-title sow-accordion-title-icon-left\">\n\t\t\t\t\t\t\t\t\t\t\t\t\t\tArchivio di deposito\t\t\t\t\t\t\t\t\t\t\t\t\t<\/div>\n\t\t\t\t\t\t<div class=\"sow-accordion-open-close-button\">\n\t\t\t\t\t\t\t<div class=\"sow-accordion-open-button\">\n\t\t\t\t\t\t\t\t<span class=\"sow-icon-ionicons\" data-sow-icon=\"&#xf218;\"\n\t\t \n\t\taria-hidden=\"true\"><\/span>\t\t\t\t\t\t\t<\/div>\n\t\t\t\t\t\t\t<div class=\"sow-accordion-close-button\">\n\t\t\t\t\t\t\t\t<span class=\"sow-icon-ionicons\" data-sow-icon=\"&#xf209;\"\n\t\t \n\t\taria-hidden=\"true\"><\/span>\t\t\t\t\t\t\t<\/div>\n\t\t\t\t\t\t<\/div>\n\t\t\t\t\t<\/div>\n\t\t\t\t<\/div>\n\n\t\t\t<div\n\t\t\t\tclass=\"sow-accordion-panel-content\"\n\t\t\t\trole=\"region\"\n\t\t\t\taria-labelledby=\"accordion-label-archivio-di-deposito\"\n\t\t\t\tid=\"accordion-content-archivio-di-deposito\"\n\t\t\t\tstyle=\"display: none;\"\t\t\t>\n\t\t\t\t<div class=\"sow-accordion-panel-border\">\n\t\t\t\t\t<p>L&#8217;<strong>archivio di deposito<\/strong> raccoglie i <strong>fascicoli e serie<\/strong> di documenti &#8211; gi\u00e0 oggetto di <a href=\"https:\/\/manualegd.comune.sangiulianoterme.pisa.it\/?page_id=771#sfol_fasc\" target=\"_blank\" rel=\"noreferrer noopener\" data-type=\"URL\" data-id=\"https:\/\/ridice.eu\/?page_id=771#sfol_fasc\">sfoltimento<\/a> &#8211; relativi alle attivit\u00e0, agli affari ed ai procedimenti conclusi o comunque oggetto d&#8217;interesse sporadico. E&#8217; questa una fase intermedia, di particolare rilevanza funzionale, durante la quale sono poste in essere le <strong><a href=\"https:\/\/manualegd.comune.sangiulianoterme.pisa.it\/?page_id=1254\" target=\"_blank\" rel=\"noopener\">operazioni di selezione<\/a><\/strong> &#8211; c.d. scarto &#8211; che determineranno la conservazione storica o, altrimenti, la distruzione del documento<\/p>\n<p><strong>Almeno una volta ogni anno<\/strong> il responsabile del servizio per la gestione dei flussi documentali e degli archivi provvede a trasferire fascicoli e serie documentarie relativi a procedimenti conclusi in un apposito archivio di deposito costituito presso la AOO. Il trasferimento deve essere attuato <strong>rispettando l&#8217;organizzazione<\/strong> che i fascicoli e le serie avevano nell&#8217;archivio corrente.\u00a0 Il responsabile del servizio per la gestione dei flussi documentali e degli archivi deve formare e conservare un <strong>elenco dei fascicoli e delle serie<\/strong> trasferite nell&#8217;archivio di deposito<\/p>\n<p>Le operazioni di selezione e scarto documentale sono compiute alla luce dei criteri dettati dal <a href=\"https:\/\/manualegd.comune.sangiulianoterme.pisa.it\/?page_id=1254#mass\">Massimario di scarto<\/a> e nel rispetto delle <strong>apposite procedure<\/strong> <sup>(<a href=\"http:\/\/www.sa-toscana.beniculturali.it\/cosa-fare-per\/scarto-archivistico\/la-procedura-di-autorizzazione-allo-scarto\" target=\"_blank\" rel=\"noopener\">3<\/a>)<\/sup> previste dalla legge <sup>(<a href=\"https:\/\/www.normattiva.it\/uri-res\/N2Ls?urn:nir:stato:decreto.legislativo:2004-01-22;42~art21\" target=\"_blank\" rel=\"noopener\">4<\/a>)<\/sup><\/p>\n\t\t\t\t<\/div>\n\t\t\t<\/div>\n\t\t<\/div>\n\t\t\t<div class=\"sow-accordion-panel\n\t\t\t\t\t\"\n\t\t\t\tdata-anchor-id=\"archivio-storico\">\n\t\t\t\t\t<div class=\"sow-accordion-panel-header-container\" role=\"heading\" aria-level=\"2\">\n\t\t\t\t\t<div class=\"sow-accordion-panel-header\" tabindex=\"0\" role=\"button\" id=\"accordion-label-archivio-storico\" aria-controls=\"accordion-content-archivio-storico\" aria-expanded=\"false\">\n\t\t\t\t\t\t<div class=\"sow-accordion-title sow-accordion-title-icon-left\">\n\t\t\t\t\t\t\t\t\t\t\t\t\t\tArchivio storico\t\t\t\t\t\t\t\t\t\t\t\t\t<\/div>\n\t\t\t\t\t\t<div class=\"sow-accordion-open-close-button\">\n\t\t\t\t\t\t\t<div class=\"sow-accordion-open-button\">\n\t\t\t\t\t\t\t\t<span class=\"sow-icon-ionicons\" data-sow-icon=\"&#xf218;\"\n\t\t \n\t\taria-hidden=\"true\"><\/span>\t\t\t\t\t\t\t<\/div>\n\t\t\t\t\t\t\t<div class=\"sow-accordion-close-button\">\n\t\t\t\t\t\t\t\t<span class=\"sow-icon-ionicons\" data-sow-icon=\"&#xf209;\"\n\t\t \n\t\taria-hidden=\"true\"><\/span>\t\t\t\t\t\t\t<\/div>\n\t\t\t\t\t\t<\/div>\n\t\t\t\t\t<\/div>\n\t\t\t\t<\/div>\n\n\t\t\t<div\n\t\t\t\tclass=\"sow-accordion-panel-content\"\n\t\t\t\trole=\"region\"\n\t\t\t\taria-labelledby=\"accordion-label-archivio-storico\"\n\t\t\t\tid=\"accordion-content-archivio-storico\"\n\t\t\t\tstyle=\"display: none;\"\t\t\t>\n\t\t\t\t<div class=\"sow-accordion-panel-border\">\n\t\t\t\t\t<p>L&#8217;<strong>archivio storico <\/strong>\u00e8 a tutti gli effetti un bene culturale, come tale tutelato dal\u00a0<em>Codice dei beni culturali e del paesaggio<\/em> <sup>(<a href=\"https:\/\/www.normattiva.it\/uri-res\/N2Ls?urn:nir:stato:decreto.legislativo:2004-01-22;42~art30\" target=\"_blank\" rel=\"noopener\">5<\/a>)<\/sup>. I documenti raccolti nell&#8217;archivio storico, da strumenti e residui di una determinata attivit\u00e0 pratico-amministrativa, diventano fonti per la conoscenza del passato e depositari della memoria collettiva, acquisendo cos\u00ec un rilevante valore scientifico<\/p>\n\t\t\t\t<\/div>\n\t\t\t<\/div>\n\t\t<\/div>\n\t\t<\/div>\n<\/div>\n<\/div>\n\n\n<div style=\"height:100px\" aria-hidden=\"true\" class=\"wp-block-spacer\"><\/div>\n\n\n<div\n\t\t\t\n\t\t\tclass=\"so-widget-sow-accordion so-widget-sow-accordion-default-0cbe2f692174\"\n\t\t\t\n\t\t><div>\n\t<div class=\"sow-accordion\">\n\t\t\t<div class=\"sow-accordion-panel\n\t\t\t\t\t\"\n\t\t\t\tdata-anchor-id=\"riferimenti-normativi\">\n\t\t\t\t\t<div class=\"sow-accordion-panel-header-container\" role=\"heading\" aria-level=\"2\">\n\t\t\t\t\t<div class=\"sow-accordion-panel-header\" tabindex=\"0\" role=\"button\" id=\"accordion-label-riferimenti-normativi\" aria-controls=\"accordion-content-riferimenti-normativi\" aria-expanded=\"false\">\n\t\t\t\t\t\t<div class=\"sow-accordion-title sow-accordion-title-icon-left\">\n\t\t\t\t\t\t\t\t\t\t\t\t\t\tRiferimenti normativi\t\t\t\t\t\t\t\t\t\t\t\t\t<\/div>\n\t\t\t\t\t\t<div class=\"sow-accordion-open-close-button\">\n\t\t\t\t\t\t\t<div class=\"sow-accordion-open-button\">\n\t\t\t\t\t\t\t\t<span class=\"sow-icon-ionicons\" data-sow-icon=\"&#xf218;\"\n\t\t \n\t\taria-hidden=\"true\"><\/span>\t\t\t\t\t\t\t<\/div>\n\t\t\t\t\t\t\t<div class=\"sow-accordion-close-button\">\n\t\t\t\t\t\t\t\t<span class=\"sow-icon-ionicons\" data-sow-icon=\"&#xf209;\"\n\t\t \n\t\taria-hidden=\"true\"><\/span>\t\t\t\t\t\t\t<\/div>\n\t\t\t\t\t\t<\/div>\n\t\t\t\t\t<\/div>\n\t\t\t\t<\/div>\n\n\t\t\t<div\n\t\t\t\tclass=\"sow-accordion-panel-content\"\n\t\t\t\trole=\"region\"\n\t\t\t\taria-labelledby=\"accordion-label-riferimenti-normativi\"\n\t\t\t\tid=\"accordion-content-riferimenti-normativi\"\n\t\t\t\tstyle=\"display: none;\"\t\t\t>\n\t\t\t\t<div class=\"sow-accordion-panel-border\">\n\t\t\t\t\t<p>(1) <a href=\"http:\/\/www.normattiva.it\/uri-res\/N2Ls?urn:nir:stato:2005-03-07;82~art44\" target=\"_blank\" rel=\"noopener\">art. 44, comma 1-ter, del DECRETO LEGISLATIVO 7 marzo 2005, n. 82<\/a><\/p>\n<p>(1.1) <a href=\"http:\/\/www.normattiva.it\/uri-res\/N2Ls?urn:nir:stato:2005-03-07;82~art43\" target=\"_blank\" rel=\"noopener\">art. 43, comma 3, del DECRETO LEGISLATIVO 7 marzo 2005, n. 82<\/a><\/p>\n<p>(2) <a href=\"https:\/\/www.gazzettaufficiale.it\/atto\/serie_generale\/caricaArticolo?art.versione=1&amp;art.idGruppo=0&amp;art.flagTipoArticolo=0&amp;art.codiceRedazionale=14A02098&amp;art.idArticolo=6&amp;art.idSottoArticolo=1&amp;art.idSottoArticolo1=10&amp;art.dataPubblicazioneGazzetta=2014-03-12&amp;art.progressivo=0#art\" target=\"_blank\" rel=\"noopener\">art. 6, comma 1, del DPCM 3 dicembre 2013<\/a>\u00a0<\/p>\n<p>(3) <a href=\"http:\/\/www.sa-toscana.beniculturali.it\/cosa-fare-per\/scarto-archivistico\/la-procedura-di-autorizzazione-allo-scarto\" target=\"_blank\" rel=\"noopener\">&#8220;La procedura di autorizzazione allo scarto&#8221;, Soprintendenza archivistica e bibliografica della Toscana<\/a><\/p>\n<p>(4) <a href=\"https:\/\/www.normattiva.it\/uri-res\/N2Ls?urn:nir:stato:decreto.legislativo:2004-01-22;42~art10\" target=\"_blank\" rel=\"noopener\">art. 21, comma 2, lett. b) del DECRETO LEGISLATIVO 22 gennaio 2004, n. 42<\/a><\/p>\n<p>(4) <a href=\"https:\/\/www.gazzettaufficiale.it\/atto\/serie_generale\/caricaArticolo?art.versione=1&amp;art.idGruppo=19&amp;art.flagTipoArticolo=0&amp;art.codiceRedazionale=001G0049&amp;art.idArticolo=68&amp;art.idSottoArticolo=1&amp;art.idSottoArticolo1=10&amp;art.dataPubblicazioneGazzetta=2001-02-20&amp;art.progressivo=0#art\" target=\"_blank\" rel=\"noopener\">art.68 del DECRETO DEL PRESIDENTE DELLA REPUBBLICA 28 dicembre 2000, n. 445<\/a><\/p>\n<p>(5) <a href=\"http:\/\/www.sa-toscana.beniculturali.it\/cosa-fare-per\/scarto-archivistico\/la-procedura-di-autorizzazione-allo-scarto\" target=\"_blank\" rel=\"noopener\">&#8220;La procedura di autorizzazione allo scarto&#8221;, Soprintendenza archivistica e bibliografica della Toscana<\/a><\/p>\n<p>(6) <a href=\"https:\/\/www.normattiva.it\/uri-res\/N2Ls?urn:nir:stato:decreto.legislativo:2004-01-22;42~art30\" target=\"_blank\" rel=\"noopener\">art. 30, comma 4, del DECRETO LEGISLATIVO 22 gennaio 2004, n. 42<\/a><\/p>\n\t\t\t\t<\/div>\n\t\t\t<\/div>\n\t\t<\/div>\n\t\t<\/div>\n<\/div>\n<\/div>","protected":false},"excerpt":{"rendered":"<p>La conservazione \u00e8 l&#8217;attivit\u00e0 volta a garantire nel tempo autenticit\u00e0, integrit\u00e0, affidabilit\u00e0, leggibilit\u00e0 e reperibilit\u00e0 dei documenti, delle aggregazioni documentali e degli archivi della AOO &#8230; <\/p>\n","protected":false},"author":1,"featured_media":0,"parent":0,"menu_order":49,"comment_status":"closed","ping_status":"closed","template":"page-fullwidth.php","meta":{"footnotes":""},"class_list":["post-110","page","type-page","status-publish","hentry"],"_links":{"self":[{"href":"https:\/\/manualegd.comune.sangiulianoterme.pisa.it\/index.php?rest_route=\/wp\/v2\/pages\/110","targetHints":{"allow":["GET"]}}],"collection":[{"href":"https:\/\/manualegd.comune.sangiulianoterme.pisa.it\/index.php?rest_route=\/wp\/v2\/pages"}],"about":[{"href":"https:\/\/manualegd.comune.sangiulianoterme.pisa.it\/index.php?rest_route=\/wp\/v2\/types\/page"}],"author":[{"embeddable":true,"href":"https:\/\/manualegd.comune.sangiulianoterme.pisa.it\/index.php?rest_route=\/wp\/v2\/users\/1"}],"replies":[{"embeddable":true,"href":"https:\/\/manualegd.comune.sangiulianoterme.pisa.it\/index.php?rest_route=%2Fwp%2Fv2%2Fcomments&post=110"}],"version-history":[{"count":0,"href":"https:\/\/manualegd.comune.sangiulianoterme.pisa.it\/index.php?rest_route=\/wp\/v2\/pages\/110\/revisions"}],"wp:attachment":[{"href":"https:\/\/manualegd.comune.sangiulianoterme.pisa.it\/index.php?rest_route=%2Fwp%2Fv2%2Fmedia&parent=110"}],"curies":[{"name":"wp","href":"https:\/\/api.w.org\/{rel}","templated":true}]}}